{"id":2350,"date":"2021-12-16T13:19:57","date_gmt":"2021-12-16T18:19:57","guid":{"rendered":"https:\/\/www.masconline.ca\/?page_id=2350"},"modified":"2026-04-11T16:30:10","modified_gmt":"2026-04-11T20:30:10","slug":"a-propos","status":"publish","type":"page","link":"https:\/\/www.masconline.ca\/fr\/a-propos\/","title":{"rendered":"\u00c0 propos de MASC"},"content":{"rendered":"\n<p class=\"has-text-align-center large-text\">MASC offre aux \u00e9coles et aux communaut\u00e9s des exp\u00e9riences artistiques dirig\u00e9es par des artistes professionnels qui \u00e9veillent le processus cr\u00e9atif, approfondissent la conscience culturelle, encouragent l\u2019engagement et d\u00e9montrent la diversit\u00e9 bien vivante du Canada.<\/p>\n\n\n\n<div style=\"height:26px\" aria-hidden=\"true\" class=\"wp-block-spacer\"><\/div>\n\n\n\n<figure class=\"wp-block-image size-large\"><img loading=\"lazy\" decoding=\"async\" width=\"1024\" height=\"576\" src=\"https:\/\/www.masconline.ca\/wp-content\/uploads\/2023\/12\/Kiti-1024x576.jpeg\" alt=\"\" class=\"wp-image-10097\" srcset=\"https:\/\/www.masconline.ca\/wp-content\/uploads\/2023\/12\/Kiti-1024x576.jpeg 1024w, https:\/\/www.masconline.ca\/wp-content\/uploads\/2023\/12\/Kiti-300x169.jpeg 300w, https:\/\/www.masconline.ca\/wp-content\/uploads\/2023\/12\/Kiti-768x432.jpeg 768w, https:\/\/www.masconline.ca\/wp-content\/uploads\/2023\/12\/Kiti-1536x864.jpeg 1536w, https:\/\/www.masconline.ca\/wp-content\/uploads\/2023\/12\/Kiti-2048x1152.jpeg 2048w, https:\/\/www.masconline.ca\/wp-content\/uploads\/2023\/12\/Kiti-200x113.jpeg 200w\" sizes=\"(max-width: 1024px) 100vw, 1024px\" \/><\/figure>\n\n\n\n<div style=\"height:46px\" aria-hidden=\"true\" class=\"wp-block-spacer\"><\/div>\n\n\n\n<p>MASC (<em>Multiculturalisme Artistique Scolaire et Communautaire<\/em>) est une organisme communautaire, bas\u00e9e \u00e0 Ottawa, qui apporte les arts et la culture \u00e0 plus de 170 000 enfants, jeunes, adultes et a\u00een\u00e9s chaque ann\u00e9e. MASC repr\u00e9sente fi\u00e8rement une \u00e9quipe de 55+ artistes et groupes d&rsquo;artistes professionnels de cultures diverses qui offrent 2000 ateliers, 800 spectacles et 100 r\u00e9sidences d&rsquo;artistes annuellement \u00e0 200,000 participants. En profitant de la diversit\u00e9 des traditions culturelles, les artistes MASC offrent des activit\u00e9s dans six disciplines artistiques; musique, danse, th\u00e9\u00e2tre, cirque, litt\u00e9rature, m\u00e9dias et arts visuels.<\/p>\n\n\n\n<figure class=\"wp-block-gallery has-nested-images columns-default is-cropped wp-block-gallery-1 is-layout-flex wp-block-gallery-is-layout-flex\">\n<figure class=\"wp-block-image size-large\"><img loading=\"lazy\" decoding=\"async\" width=\"2560\" height=\"2363\" data-id=\"3328\" src=\"https:\/\/www.masconline.ca\/wp-content\/uploads\/2021\/11\/Ateliers-2010-VOX-THE\u0301A\u0302TRE-scaled.jpg\" alt=\"\" class=\"wp-image-3328\" srcset=\"https:\/\/www.masconline.ca\/wp-content\/uploads\/2021\/11\/Ateliers-2010-VOX-THE\u0301A\u0302TRE-scaled.jpg 2560w, https:\/\/www.masconline.ca\/wp-content\/uploads\/2021\/11\/Ateliers-2010-VOX-THE\u0301A\u0302TRE-300x277.jpg 300w, https:\/\/www.masconline.ca\/wp-content\/uploads\/2021\/11\/Ateliers-2010-VOX-THE\u0301A\u0302TRE-1024x945.jpg 1024w, https:\/\/www.masconline.ca\/wp-content\/uploads\/2021\/11\/Ateliers-2010-VOX-THE\u0301A\u0302TRE-768x709.jpg 768w, https:\/\/www.masconline.ca\/wp-content\/uploads\/2021\/11\/Ateliers-2010-VOX-THE\u0301A\u0302TRE-1536x1418.jpg 1536w, https:\/\/www.masconline.ca\/wp-content\/uploads\/2021\/11\/Ateliers-2010-VOX-THE\u0301A\u0302TRE-2048x1891.jpg 2048w, https:\/\/www.masconline.ca\/wp-content\/uploads\/2021\/11\/Ateliers-2010-VOX-THE\u0301A\u0302TRE-200x185.jpg 200w\" sizes=\"(max-width: 2560px) 100vw, 2560px\" \/><\/figure>\n\n\n\n<figure class=\"wp-block-image size-large\"><img decoding=\"async\" data-id=\"3147\" src=\"https:\/\/www.masconline.ca\/wp-content\/uploads\/2021\/11\/Mehdi-Cayenne-4Marianne-Duval-scaled-e1640196787928.jpg\" alt=\"\" class=\"wp-image-3147\"\/><\/figure>\n\n\n\n<figure class=\"wp-block-image size-large\"><img loading=\"lazy\" decoding=\"async\" width=\"877\" height=\"1024\" data-id=\"3417\" src=\"https:\/\/www.masconline.ca\/wp-content\/uploads\/2021\/11\/ODD-Curve-Credit-Ben-Welland-lighter-cropped-scaled-e1640210313603-877x1024.jpg\" alt=\"\" class=\"wp-image-3417\" srcset=\"https:\/\/www.masconline.ca\/wp-content\/uploads\/2021\/11\/ODD-Curve-Credit-Ben-Welland-lighter-cropped-scaled-e1640210313603-877x1024.jpg 877w, https:\/\/www.masconline.ca\/wp-content\/uploads\/2021\/11\/ODD-Curve-Credit-Ben-Welland-lighter-cropped-scaled-e1640210313603-257x300.jpg 257w, https:\/\/www.masconline.ca\/wp-content\/uploads\/2021\/11\/ODD-Curve-Credit-Ben-Welland-lighter-cropped-scaled-e1640210313603-768x896.jpg 768w, https:\/\/www.masconline.ca\/wp-content\/uploads\/2021\/11\/ODD-Curve-Credit-Ben-Welland-lighter-cropped-scaled-e1640210313603-1316x1536.jpg 1316w, https:\/\/www.masconline.ca\/wp-content\/uploads\/2021\/11\/ODD-Curve-Credit-Ben-Welland-lighter-cropped-scaled-e1640210313603-1755x2048.jpg 1755w, https:\/\/www.masconline.ca\/wp-content\/uploads\/2021\/11\/ODD-Curve-Credit-Ben-Welland-lighter-cropped-scaled-e1640210313603-171x200.jpg 171w\" sizes=\"(max-width: 877px) 100vw, 877px\" \/><\/figure>\n<\/figure>\n\n\n\n<p>MASC organise \u00e9galement six festivals multidisciplinaires qui accueillent bon nombre d&rsquo;artistes professionnels canadiens. MASC est une organisation bilingue qui offre 40% de sa programmation en fran\u00e7ais.<\/p>\n\n\n\n<p>MASC s&rsquo;engage \u00e0 offrir un acc\u00e8s \u00e9quitable aux arts et aux exp\u00e9riences culturelles aux collectivit\u00e9s mal desservies et en milieu rural. Les programmes de MASC sont livr\u00e9s en anglais et en fran\u00e7ais, \u00e0 travers l&rsquo;Est ontarien et l&rsquo;ouest du Qu\u00e9bec en personne et \u00e0 travers le Canada de fa\u00e7on virtuelle aux \u00e9l\u00e8ves de la maternelle \u00e0 la 12i\u00e8me ann\u00e9e, aux jeunes et adultes dans une vari\u00e9t\u00e9 de contextes scolaires et communautaires.<\/p>\n\n\n\n<figure class=\"wp-block-gallery has-nested-images columns-default is-cropped wp-block-gallery-2 is-layout-flex wp-block-gallery-is-layout-flex\">\n<figure class=\"wp-block-image size-large\"><img loading=\"lazy\" decoding=\"async\" width=\"1024\" height=\"683\" data-id=\"3098\" src=\"https:\/\/www.masconline.ca\/wp-content\/uploads\/2021\/11\/WinFest18-11-1024x683.jpg\" alt=\"\" class=\"wp-image-3098\" srcset=\"https:\/\/www.masconline.ca\/wp-content\/uploads\/2021\/11\/WinFest18-11-1024x683.jpg 1024w, https:\/\/www.masconline.ca\/wp-content\/uploads\/2021\/11\/WinFest18-11-300x200.jpg 300w, https:\/\/www.masconline.ca\/wp-content\/uploads\/2021\/11\/WinFest18-11-768x512.jpg 768w, https:\/\/www.masconline.ca\/wp-content\/uploads\/2021\/11\/WinFest18-11-1536x1024.jpg 1536w, https:\/\/www.masconline.ca\/wp-content\/uploads\/2021\/11\/WinFest18-11-2048x1365.jpg 2048w, https:\/\/www.masconline.ca\/wp-content\/uploads\/2021\/11\/WinFest18-11-200x133.jpg 200w\" sizes=\"(max-width: 1024px) 100vw, 1024px\" \/><\/figure>\n\n\n\n<figure class=\"wp-block-image size-large\"><img loading=\"lazy\" decoding=\"async\" width=\"1024\" height=\"731\" data-id=\"3246\" src=\"https:\/\/www.masconline.ca\/wp-content\/uploads\/2021\/11\/fullsizeoutput_ad0-1024x731.jpg\" alt=\"\" class=\"wp-image-3246\" srcset=\"https:\/\/www.masconline.ca\/wp-content\/uploads\/2021\/11\/fullsizeoutput_ad0-1024x731.jpg 1024w, https:\/\/www.masconline.ca\/wp-content\/uploads\/2021\/11\/fullsizeoutput_ad0-300x214.jpg 300w, https:\/\/www.masconline.ca\/wp-content\/uploads\/2021\/11\/fullsizeoutput_ad0-768x549.jpg 768w, https:\/\/www.masconline.ca\/wp-content\/uploads\/2021\/11\/fullsizeoutput_ad0-1536x1097.jpg 1536w, https:\/\/www.masconline.ca\/wp-content\/uploads\/2021\/11\/fullsizeoutput_ad0-2048x1463.jpg 2048w, https:\/\/www.masconline.ca\/wp-content\/uploads\/2021\/11\/fullsizeoutput_ad0-200x143.jpg 200w\" sizes=\"(max-width: 1024px) 100vw, 1024px\" \/><\/figure>\n\n\n\n<figure class=\"wp-block-image size-large\"><img loading=\"lazy\" decoding=\"async\" width=\"1024\" height=\"683\" data-id=\"3167\" src=\"https:\/\/www.masconline.ca\/wp-content\/uploads\/2021\/11\/IMG_7819-Patro-Chanson-avec-Mehdi-2-1024x683.jpg\" alt=\"\" class=\"wp-image-3167\" srcset=\"https:\/\/www.masconline.ca\/wp-content\/uploads\/2021\/11\/IMG_7819-Patro-Chanson-avec-Mehdi-2-1024x683.jpg 1024w, https:\/\/www.masconline.ca\/wp-content\/uploads\/2021\/11\/IMG_7819-Patro-Chanson-avec-Mehdi-2-300x200.jpg 300w, https:\/\/www.masconline.ca\/wp-content\/uploads\/2021\/11\/IMG_7819-Patro-Chanson-avec-Mehdi-2-768x512.jpg 768w, https:\/\/www.masconline.ca\/wp-content\/uploads\/2021\/11\/IMG_7819-Patro-Chanson-avec-Mehdi-2-1536x1024.jpg 1536w, https:\/\/www.masconline.ca\/wp-content\/uploads\/2021\/11\/IMG_7819-Patro-Chanson-avec-Mehdi-2-2048x1365.jpg 2048w, https:\/\/www.masconline.ca\/wp-content\/uploads\/2021\/11\/IMG_7819-Patro-Chanson-avec-Mehdi-2-200x133.jpg 200w\" sizes=\"(max-width: 1024px) 100vw, 1024px\" \/><\/figure>\n<\/figure>\n\n\n\n<p><br>MASC est largement reconnu comme \u00e9tant une \u00e9quipe dynamique et \u00e9nergique. Les artistes et le personnel sont profond\u00e9ment investis dans les communaut\u00e9s desservies par MASC. La proximit\u00e9 et la participation de MASC en \u00e9ducation artistique et en exp\u00e9rience cr\u00e9ative sont sans pr\u00e9c\u00e9dent dans la r\u00e9gion. Les travaux de MASC incluent de nombreux \u00e9v\u00e9nements annuels, programmes de bourses pour les collectivit\u00e9s mal desservies, des opportunit\u00e9s de d\u00e9veloppement professionnel pour les enseignants, les artistes et le personnel et de nouveaux programmes con\u00e7us sp\u00e9cialement pour les jeunes et les a\u00een\u00e9s plus d\u00e9munis. MASC est synonyme d&rsquo;excellence, d&rsquo;innovation et de professionnalisme.<br><br>\u00c0 l&rsquo;exception des festivals d&rsquo;envergure majeurs et le Centre national des Arts, MASC a effectivement, le plus de spectateurs que n&rsquo;importe quel autre organisme r\u00e9gional.<\/p>\n\n\n\n<p>Officiellement, MASC signifie <em>Multiculturalisme Artistique Scolaire et Communautaire<\/em>, mais comme notre liste actuelle d&rsquo;artistes englobe de multiples formes de diversit\u00e9 en plus d&rsquo;\u00eatre issus de milieux culturels vari\u00e9s, ces jours-ci, nous nous appelons tout simplement MASC.<\/p>\n\n\n\n<div style=\"height:100px\" aria-hidden=\"true\" class=\"wp-block-spacer\"><\/div>\n\n\n\n<h2 class=\"wp-block-heading has-text-align-center\">Historique de MASC<\/h2>\n\n\n\n<p>Jennifer Cayley et Jan Andrews ont fond\u00e9 MASC en 1989, \u00e0 partir d&rsquo;une s\u00e9rie de spectacles culturellement diversifi\u00e9s pr\u00e9sent\u00e9s \u00e0 la Biblioth\u00e8que nationale du Canada (aujourd&rsquo;hui Biblioth\u00e8que et Archives Canada), intitul\u00e9e <em>The Chance to Give<\/em> \/ Une chance \u00e0 donner. Les cr\u00e9ateurs de la s\u00e9rie ont cr\u00e9\u00e9 MASC pour transmettre leur passion pour la diversit\u00e9 dans les arts aux \u00e9coles locales.&nbsp;<\/p>\n\n\n\n<p>Le travail de MASC dans les \u00e9coles n&rsquo;a cess\u00e9 de cro\u00eetre et s&rsquo;est \u00e9tendu aux milieux communautaires et aux festivals artistiques. MASC dispose actuellement d&rsquo;une liste de 62 artistes et groupes d&rsquo;artistes de diverses origines (dont 34 offrent des programmes en fran\u00e7ais) dans toutes les disciplines. Nous travaillons \u00e9galement avec plus de 50 artistes suppl\u00e9mentaires dans le cadre de nos \u00e9v\u00e9nements sp\u00e9ciaux.&nbsp;<\/p>\n\n\n\n<p>Plusieurs festivals et initiatives artistiques ont \u00e9t\u00e9 ajout\u00e9s au calendrier au fil des ans :&nbsp;<\/p>\n\n\n\n<ul>\n<li>1991 \u00e0 aujourd&rsquo;hui :\u202f\u202f <em><a href=\"https:\/\/www.masconline.ca\/event\/masc-young-authors-illustrators-festival\/\">MASC Young Authors and Illustrators Festival<\/a><\/em>, un festival offert en anglais annuel de trois jours, voit le jour. Plus de 450 jeunes \u00e9crivains et artistes en herbe se r\u00e9unissent chaque ann\u00e9e pour travailler avec des auteurs et illustrateurs canadiens pour enfants bien \u00e9tablis.&nbsp;<br><\/li>\n\n\n\n<li>1997 \u00e0 2014 :\u202f\u202f\u202fSymposium, un programme annuel de langue fran\u00e7aise, r\u00e9unissait plus de 100 \u00e9l\u00e8ves du Qu\u00e9bec et de l&rsquo;Ontario qui travaillaient avec des artistes professionnels pour cr\u00e9er des installations artistiques, participaient \u00e0 des ateliers et lancaient une exposition d&rsquo;installations artistiques dans une galerie professionnelle.\u202f&nbsp;<br><\/li>\n\n\n\n<li>De 1999 \u00e0 aujourd&rsquo;hui :\u202f <em><a href=\"https:\/\/www.masconline.ca\/event\/masc-arts-awards\/\">MASC Arts Awards <\/a><\/em>est cr\u00e9\u00e9 pour honorer les \u00e9l\u00e8ves qui se passionnent pour les arts, dans le but d&rsquo;offrir une formation artistique et des possibilit\u00e9s de mentorat artistique aux jeunes des communaut\u00e9s financi\u00e8rement d\u00e9favoris\u00e9es.\u202f\u202f&nbsp;<br><\/li>\n\n\n\n<li>De 2003 \u00e0 2013 :\u202f\u202f MASC devient le repr\u00e9sentant r\u00e9gional du programme national <em>ArtsSmarts<\/em>, qui proposait des r\u00e9sidences d&rsquo;artistes et des initiatives artistiques communautaires dans les \u00e9coles et les quartiers.\u202f\u202f\u202f&nbsp;<br><\/li>\n\n\n\n<li>De 2005 \u00e0 2017 :\u202f\u202f Les \u00e9v\u00e9nements ARTcy (opportunit\u00e9s de d\u00e9veloppement professionnel pour les enseignants) ont \u00e9t\u00e9 offert en partenariat avec les deux commissions scolaires anglophones locales.&nbsp;<br><\/li>\n\n\n\n<li>De 2008 \u00e0 aujourd&rsquo;hui :\u202f\u202f <a href=\"https:\/\/www.masconline.ca\/fr\/partenariats-aines\/\">Programme pour les a\u00een\u00e9s<\/a> qui propose des ateliers, des spectacles et des r\u00e9sidences dans une grande vari\u00e9t\u00e9 de lieux pour les a\u00een\u00e9s, avec le soutien de subventions.\u202f&nbsp;<br><\/li>\n\n\n\n<li>De 2009 \u00e0 2013 :\u202f\u202f\u202f <em>Youth Take Charge<\/em> : un partenariat est \u00e9tabli avec le Youth Services Bureau pour offrir de riches programmes de mentorat artistique aux jeunes \u00e0 risque.\u202f\u202f&nbsp;<br><\/li>\n\n\n\n<li>2012 \u00e0 aujourd&rsquo;hui :\u202f\u202f\u202f<a href=\"https:\/\/www.masconline.ca\/fr\/event\/arts_en_folie\/\">Arts en folie<\/a> est un programme communautaire bilingue par lequel les participants explorent les enjeux locaux par le biais des arts avec des r\u00e9sidents de tous \u00e2ges dans des quartiers mal desservis, avec pour point culminant un festival. Des artistes professionnels collaborent avec les participants pour cr\u00e9er de nouvelles \u0153uvres dans toutes les disciplines artistiques.&nbsp;<br><\/li>\n\n\n\n<li>2014-2019 : MASC lance <em>Your Story<\/em>, un festival litt\u00e9raire annuel anglais pour plus de 100 adolescents.&nbsp;L&rsquo;\u00e9v\u00e8nement a \u00e9t\u00e9 mis sur pause au d\u00e9but de la pand\u00e9mie.<br><\/li>\n\n\n\n<li>2015 \u00e0 aujourd&rsquo;hui :\u202f\u202f MASC lance le <a href=\"https:\/\/www.masconline.ca\/fr\/event\/festival-de-danse-en-milieu-scolaire-fdms\/\">Festival de danse en milieu scolaire<\/a> pour plus de 100 jeunes franco-ontariens de partout en Ontario.&nbsp;<br><\/li>\n\n\n\n<li>De 2015 \u00e0 2019 : Art au travail, un projet communautaire qui propose des r\u00e9sidences artistiques dans les entreprises de l&rsquo;Outaouais.\u202f Apr\u00e8s deux it\u00e9rations, Art au travail a \u00e9t\u00e9 conclu en 2019.&nbsp;<br><\/li>\n\n\n\n<li>2016 :\u202f MASC c\u00e9l\u00e8bre son 25e anniversaire.&nbsp;<br><\/li>\n\n\n\n<li>2017 : En 2017, MASC a re\u00e7u le prix<em> International Spotlight<\/em> du <em>National Arts and Humanities Youth Program Awards<\/em> des \u00c9tats-Unis pour le programme d&rsquo;arts engag\u00e9s dans la communaut\u00e9 de MASC, <a href=\"https:\/\/www.masconline.ca\/fr\/event\/arts_en_folie\/\">Awesome Arts en folie<\/a>.\u202f <br><\/li>\n\n\n\n<li>2017 \u00e0 2019 : MASC s&rsquo;associe \u00e0 <em>Cultural Pluralism for the Arts Movement Ontario<\/em> et \u00e0 Arts Network Ottawa (anciennement AOE) pour offrir des programmes de r\u00e9seautage et de renforcement des capacit\u00e9s aux artistes nouveaux immigrants et r\u00e9fugi\u00e9s.&nbsp;<br><\/li>\n\n\n\n<li>2019 : En septembre 2019, MASC a embauch\u00e9 <a href=\"https:\/\/www.masconline.ca\/fr\/equipe-masc\/\">son premier agent de la diversit\u00e9 et de l&rsquo;inclusion<\/a>.\u00a0\u00a0<br><\/li>\n\n\n\n<li>2020: En mars 2020, MASC a d\u00e9m\u00e9nag\u00e9 ses bureaux hors site en raison de la pand\u00e9mie et a fait pivoter l&rsquo;organisation de sorte qu&rsquo;en 6 mois, 35% de nos programmes \u00e9taient offerts en ligne. MASC a \u00e9largi ses programmes en ligne pour les proposer dans tout le pays.\u00a0\u00a0<br><\/li>\n\n\n\n<li>2020 \u00e0 aujourd&rsquo;hui : La strat\u00e9gie quinquennale de MASC a \u00e9t\u00e9 accept\u00e9e par le conseil d&rsquo;administration en ao\u00fbt 2020.\u00a0\u00a0<br><\/li>\n\n\n\n<li>2021 : MASC a lanc\u00e9 <a href=\"https:\/\/www.masconline.ca\/fr\/event\/illustrauteurs\/\">IllustrAuteurs<\/a>, le festival litt\u00e9raire et d&rsquo;arts visuels pour adolescents de MASC en fran\u00e7ais. MASC propose sa premi\u00e8re tourn\u00e9e virtuelle pancanadienne \u00e0 l\u2019\u00e9chelle de l\u2019Ontario.<br><\/li>\n\n\n\n<li>2022 : MASC r\u00e9alise sa premi\u00e8re tourn\u00e9e provinciale en personne \u00e0 travers l\u2019Ontario.<br><\/li>\n\n\n\n<li>2022\u20132025 : MASC met en \u0153uvre le programme <em>Subventions reconciliation<\/em>, qui subventionne la programmation autochtone dans les \u00e9coles et les communaut\u00e9s, ainsi que des projets choisis par des partenaires autochtones.<br><\/li>\n\n\n\n<li>2023\u20132025 : MASC offre le camp d\u2019arts et de culture de Kitigan Zibi.<br><\/li>\n\n\n\n<li>2025 : MASC c\u00e9l\u00e8bre son 35e anniversaire avec un gala au Centre national des Arts et une c\u00e9l\u00e9bration communautaire dans ses bureaux.<br><\/li>\n\n\n\n<li>2026 : MASC lance la conf\u00e9rence des majeures Haute sp\u00e9cialisation (MHS) en anglais et positionne les MASC Arts Awards comme \u00e9v\u00e9nement phare de l\u2019organisme.<\/li>\n<\/ul>\n\n\n\n<h2 class=\"wp-block-heading has-text-align-center\">Leadership<\/h2>\n\n\n\n<p>En 2005, apr\u00e8s 16 ans d&rsquo;activit\u00e9, la directrice g\u00e9n\u00e9rale fondatrice Jennifer Cayley a pris sa retraite. Audrey Churgin a \u00e9t\u00e9 embauch\u00e9e et a g\u00e9r\u00e9 l&rsquo;organisation jusqu&rsquo;\u00e0 sa retraite en 2018. C&rsquo;est \u00e0 ce moment-l\u00e0 que Micheline Shoebridge et Wendy Hartley ont assum\u00e9 le r\u00f4le de codirectrices ex\u00e9cutives, apportant leur consid\u00e9rable richesse d&rsquo;exp\u00e9rience pour lancer MASC dans sa 30e ann\u00e9e. En juin 2021, Wendy Hartley s&rsquo;est retir\u00e9e du r\u00f4le de co-directrice ex\u00e9cutive et reste impliqu\u00e9e en tant que consultante ex\u00e9cutive.<\/p>\n\n\n\n<p>Micheline continue \u00e0 diriger <a href=\"https:\/\/www.masconline.ca\/fr\/equipe-masc\/\">l&rsquo;\u00e9quipe MASC <\/a>en tant que directrice g\u00e9n\u00e9rale.<\/p>\n\n\n\n<div style=\"height:44px\" aria-hidden=\"true\" class=\"wp-block-spacer\"><\/div>\n\n\n\n<h2 class=\"wp-block-heading has-text-align-center\">Rapport annuel et plan strat\u00e9gique<\/h2>\n\n\n\t<section class=\"masc-block main-grid padding__top--med padding__bottom--med \">\r\n\t\t<div class=\"container-body aos-init aos-animate\" data-aos-duration=\"700\" data-aos=\"fade-up\" data-aos-delay=\"250\">\r\n\t\t\t<div id=\"js-slider-tablet-only\" class=\"cta-card__section tablet-slider--cta\" style=\"grid-template-columns: repeat(2,minmax(0,1fr));\">\r\n\t\t\t\t\t\t\t\t<div class=\"cta-card\" aria-labelledby=\"card-title-one\">\r\n\t\t\t\t\t\t<div class=\"cta-card__wrapper\" style=\"background-color:#00325e\">\r\n\t\t\t\t\t\t\t\t\t\t\t\t\t\t\t<div class=\"cta-card__wrapper__icon\">\r\n\t\t\t\t\t\t\t\t\t<img decoding=\"async\" src=\"https:\/\/www.masconline.ca\/wp-content\/uploads\/2025\/06\/img-annual-report@2x.png\" \/>\r\n\t\t\t\t\t\t\t\t<\/div>\r\n\t\t\t\t\t\t\t\t\t\t\t\t\t\t\t\t\t\t\t\t\t\t<h3 class=\"h4\" id=\"card-title-one\" >Rapport annuel 2024 &#8211; 2025<\/h3>\r\n\t\t\t\t\t\t\t\t\t\t\t\t\t\t\t\t\t\t\t\t\t\t<p >En amenant les artistes dans les communaut\u00e9s, MASC r\u00e9duit les barri\u00e8res \u00e9conomiques gr\u00e2ce \u00e0 une programmation subventionn\u00e9e et \u00e9limine les barri\u00e8res institutionnelles en donnant acc\u00e8s \u00e0 une programmation artistique professionnelle l\u00e0 o\u00f9 les gens vivent et vont \u00e0 l\u2019\u00e9cole. MASC apporte les arts aux gens.\r\n\r\nMASC offre des programmes en personne dans l\u2019est de l\u2019Ontario et l\u2019ouest du Qu\u00e9bec. Des programmes en ligne sont offerts \u00e0 travers le Canada. Les programmes sont offerts dans les \u00e9coles, les milieux communautaires et les centres pour a\u00een\u00e9s.  \r\n\r\nC\u2019est une priorit\u00e9 pour MASC d\u2019atteindre les communaut\u00e9s m\u00e9ritant l\u2019\u00e9quit\u00e9 dans ces espaces et de mettre en valeur la diversit\u00e9 sous toutes ses formes.\r\n<\/p>\r\n\t\t\t\t\t\t\t\t\t\t\t\t\t\t\t\t\t\t\t\t\t\t<div class=\"cta-card__wrapper__link\">\r\n\t\t\t\t\t\t\t\t\t<a href=\"https:\/\/www.masconline.ca\/wp-content\/uploads\/2026\/02\/MASC_RPT_annual-report-2024-25_digital_F.pdf\" target=\"_blank\">\r\n\t\t\t\t\t\t\t\t\t\tT\u00e9l\u00e9charger\t\t\t\t\t\t\t\t\t<\/a>\r\n\t\t\t\t\t\t\t\t<\/div>\r\n\t\t\t\t\t\t\t\t\t\t\t\t\t<\/div>\r\n\t\t\t\t\t<\/div>\r\n\t\t\t\t\t\t\t\t\t<div class=\"cta-card\" aria-labelledby=\"card-title-one\">\r\n\t\t\t\t\t\t<div class=\"cta-card__wrapper\" style=\"background-color:#004e89\">\r\n\t\t\t\t\t\t\t\t\t\t\t\t\t\t\t<div class=\"cta-card__wrapper__icon\">\r\n\t\t\t\t\t\t\t\t\t<img decoding=\"async\" src=\"https:\/\/www.masconline.ca\/wp-content\/uploads\/2025\/06\/img-strategic-plan@2x.png\" \/>\r\n\t\t\t\t\t\t\t\t<\/div>\r\n\t\t\t\t\t\t\t\t\t\t\t\t\t\t\t\t\t\t\t\t\t\t<h3 class=\"h4\" id=\"card-title-one\" >Plan strat\u00e9gique 2026<\/h3>\r\n\t\t\t\t\t\t\t\t\t\t\t\t\t\t\t\t\t\t\t\t\t\t<p >Explorez notre Plan strat\u00e9gique 2026\u20132030 et d\u00e9couvrez comment nous continuerons \u00e0 faire jaillir la cr\u00e9ativit\u00e9, \u00e0 \u00e9largir l\u2019acc\u00e8s aux arts, \u00e0 b\u00e2tir une organisation durable et \u00e0 renforcer notre leadership dans le milieu.<\/p>\r\n\t\t\t\t\t\t\t\t\t\t\t\t\t\t\t\t\t\t\t\t\t\t<div class=\"cta-card__wrapper__link\">\r\n\t\t\t\t\t\t\t\t\t<a href=\"https:\/\/www.masconline.ca\/wp-content\/uploads\/2025\/02\/MASC_RPT_strategic-plan-2026_F.pdf\" target=\"_blank\">\r\n\t\t\t\t\t\t\t\t\t\tT\u00e9l\u00e9charger\t\t\t\t\t\t\t\t\t<\/a>\r\n\t\t\t\t\t\t\t\t<\/div>\r\n\t\t\t\t\t\t\t\t\t\t\t\t\t<\/div>\r\n\t\t\t\t\t<\/div>\r\n\t\t\t\t\t\t\t<\/div>\r\n\t\t<\/div>\r\n\t<\/section>\r\n\t","protected":false},"excerpt":{"rendered":"<p>MASC offre aux \u00e9coles et aux communaut\u00e9s des exp\u00e9riences artistiques dirig\u00e9es par des artistes professionnels qui \u00e9veillent le processus cr\u00e9atif, approfondissent la conscience culturelle, encouragent l\u2019engagement et d\u00e9montrent la diversit\u00e9 bien vivante du Canada. MASC (Multiculturalisme Artistique Scolaire et Communautaire) est une organisme communautaire, bas\u00e9e \u00e0 Ottawa, qui apporte les arts et la culture \u00e0 [&hellip;]<\/p>\n","protected":false},"author":7,"featured_media":0,"parent":0,"menu_order":13,"comment_status":"closed","ping_status":"closed","template":"","meta":{"_acf_changed":false,"footnotes":""},"acf":[],"_links":{"self":[{"href":"https:\/\/www.masconline.ca\/fr\/wp-json\/wp\/v2\/pages\/2350"}],"collection":[{"href":"https:\/\/www.masconline.ca\/fr\/wp-json\/wp\/v2\/pages"}],"about":[{"href":"https:\/\/www.masconline.ca\/fr\/wp-json\/wp\/v2\/types\/page"}],"author":[{"embeddable":true,"href":"https:\/\/www.masconline.ca\/fr\/wp-json\/wp\/v2\/users\/7"}],"replies":[{"embeddable":true,"href":"https:\/\/www.masconline.ca\/fr\/wp-json\/wp\/v2\/comments?post=2350"}],"version-history":[{"count":0,"href":"https:\/\/www.masconline.ca\/fr\/wp-json\/wp\/v2\/pages\/2350\/revisions"}],"wp:attachment":[{"href":"https:\/\/www.masconline.ca\/fr\/wp-json\/wp\/v2\/media?parent=2350"}],"curies":[{"name":"wp","href":"https:\/\/api.w.org\/{rel}","templated":true}]}}