{"id":2364,"date":"2021-09-29T15:42:03","date_gmt":"2021-09-29T15:42:03","guid":{"rendered":"https:\/\/www.masconline.ca\/get-involved\/become-a-sponsor\/"},"modified":"2022-11-28T16:59:16","modified_gmt":"2022-11-28T21:59:16","slug":"devenez-commanditaire","status":"publish","type":"page","link":"https:\/\/www.masconline.ca\/fr\/participez\/devenez-commanditaire\/","title":{"rendered":"Devenez commanditaire"},"content":{"rendered":"\n<p>MASC est g\u00e9n\u00e9reusement soutenu par une communaut\u00e9 philanthropique. Notre num\u00e9ro d&rsquo;enregistrement de charit\u00e9 est 1-2412-7192 RR0001.<\/p>\n\n\n\n<p>Pour en apprendre davantage sur la fa\u00e7on de parrainer MASC,\u00a0contactez la Directrice g\u00e9n\u00e9rale de MASC Micheline Shoebridge. <\/p>\n\n\n\n<div class=\"wp-block-buttons is-horizontal is-content-justification-center is-layout-flex wp-container-core-buttons-is-layout-1 wp-block-buttons-is-layout-flex\">\n<div class=\"wp-block-button\"><a class=\"wp-block-button__link\" href=\"https:\/\/www.masconline.ca\/fr\/get-involved\/contactez-nous\/\">Contactez-nous<\/a><\/div>\n<\/div>\n\n\n\n<div style=\"height:72px\" aria-hidden=\"true\" class=\"wp-block-spacer\"><\/div>\n\n\n\n<figure class=\"wp-block-image size-large\"><img loading=\"lazy\" decoding=\"async\" width=\"1024\" height=\"717\" src=\"https:\/\/www.masconline.ca\/wp-content\/uploads\/2022\/01\/Awesome-Arts-en-folie-Festival-MARTIN-LIPMAN_14-1024x717.jpg\" alt=\"\" class=\"wp-image-5279\" srcset=\"https:\/\/www.masconline.ca\/wp-content\/uploads\/2022\/01\/Awesome-Arts-en-folie-Festival-MARTIN-LIPMAN_14-1024x717.jpg 1024w, https:\/\/www.masconline.ca\/wp-content\/uploads\/2022\/01\/Awesome-Arts-en-folie-Festival-MARTIN-LIPMAN_14-300x210.jpg 300w, https:\/\/www.masconline.ca\/wp-content\/uploads\/2022\/01\/Awesome-Arts-en-folie-Festival-MARTIN-LIPMAN_14-768x538.jpg 768w, https:\/\/www.masconline.ca\/wp-content\/uploads\/2022\/01\/Awesome-Arts-en-folie-Festival-MARTIN-LIPMAN_14-1536x1075.jpg 1536w, https:\/\/www.masconline.ca\/wp-content\/uploads\/2022\/01\/Awesome-Arts-en-folie-Festival-MARTIN-LIPMAN_14-2048x1434.jpg 2048w, https:\/\/www.masconline.ca\/wp-content\/uploads\/2022\/01\/Awesome-Arts-en-folie-Festival-MARTIN-LIPMAN_14-200x140.jpg 200w\" sizes=\"(max-width: 1024px) 100vw, 1024px\" \/><\/figure>\n","protected":false},"excerpt":{"rendered":"<p>MASC est g\u00e9n\u00e9reusement soutenu par une communaut\u00e9 philanthropique. Notre num\u00e9ro d&rsquo;enregistrement de charit\u00e9 est 1-2412-7192 RR0001. Pour en apprendre davantage sur la fa\u00e7on de parrainer MASC,\u00a0contactez la Directrice g\u00e9n\u00e9rale de MASC Micheline Shoebridge.<\/p>\n","protected":false},"author":7,"featured_media":0,"parent":2362,"menu_order":55,"comment_status":"closed","ping_status":"closed","template":"","meta":{"_acf_changed":false,"footnotes":""},"acf":[],"_links":{"self":[{"href":"https:\/\/www.masconline.ca\/fr\/wp-json\/wp\/v2\/pages\/2364"}],"collection":[{"href":"https:\/\/www.masconline.ca\/fr\/wp-json\/wp\/v2\/pages"}],"about":[{"href":"https:\/\/www.masconline.ca\/fr\/wp-json\/wp\/v2\/types\/page"}],"author":[{"embeddable":true,"href":"https:\/\/www.masconline.ca\/fr\/wp-json\/wp\/v2\/users\/7"}],"replies":[{"embeddable":true,"href":"https:\/\/www.masconline.ca\/fr\/wp-json\/wp\/v2\/comments?post=2364"}],"version-history":[{"count":0,"href":"https:\/\/www.masconline.ca\/fr\/wp-json\/wp\/v2\/pages\/2364\/revisions"}],"up":[{"embeddable":true,"href":"https:\/\/www.masconline.ca\/fr\/wp-json\/wp\/v2\/pages\/2362"}],"wp:attachment":[{"href":"https:\/\/www.masconline.ca\/fr\/wp-json\/wp\/v2\/media?parent=2364"}],"curies":[{"name":"wp","href":"https:\/\/api.w.org\/{rel}","templated":true}]}}