{"id":2366,"date":"2021-09-29T15:40:56","date_gmt":"2021-09-29T15:40:56","guid":{"rendered":"https:\/\/www.masconline.ca\/get-involved\/volunteer\/"},"modified":"2022-02-14T10:51:59","modified_gmt":"2022-02-14T15:51:59","slug":"devenez-benevole","status":"publish","type":"page","link":"https:\/\/www.masconline.ca\/fr\/participez\/devenez-benevole\/","title":{"rendered":"Devenez b\u00e9n\u00e9vole"},"content":{"rendered":"\n<h3 class=\"has-text-align-center wp-block-heading\">Nous serions ravis de vous compter parmi nous!&nbsp;<\/h3>\n\n\n\n<figure class=\"wp-block-gallery columns-3 is-cropped wp-block-gallery-1 is-layout-flex wp-block-gallery-is-layout-flex\"><ul class=\"blocks-gallery-grid\"><li class=\"blocks-gallery-item\"><figure><img loading=\"lazy\" decoding=\"async\" width=\"1008\" height=\"1024\" src=\"https:\/\/www.masconline.ca\/wp-content\/uploads\/2022\/01\/Caleb-un-isolated-1008x1024.png\" alt=\"\" data-id=\"5861\" data-full-url=\"https:\/\/www.masconline.ca\/wp-content\/uploads\/2022\/01\/Caleb-un-isolated.png\" data-link=\"https:\/\/www.masconline.ca\/fr\/get-involved\/devenez-benevole\/caleb-un-isolated-2\/\" class=\"wp-image-5861\" srcset=\"https:\/\/www.masconline.ca\/wp-content\/uploads\/2022\/01\/Caleb-un-isolated-1008x1024.png 1008w, https:\/\/www.masconline.ca\/wp-content\/uploads\/2022\/01\/Caleb-un-isolated-295x300.png 295w, https:\/\/www.masconline.ca\/wp-content\/uploads\/2022\/01\/Caleb-un-isolated-768x780.png 768w, https:\/\/www.masconline.ca\/wp-content\/uploads\/2022\/01\/Caleb-un-isolated-197x200.png 197w, https:\/\/www.masconline.ca\/wp-content\/uploads\/2022\/01\/Caleb-un-isolated.png 1476w\" sizes=\"(max-width: 1008px) 100vw, 1008px\" \/><\/figure><\/li><li class=\"blocks-gallery-item\"><figure><img loading=\"lazy\" decoding=\"async\" width=\"500\" height=\"707\" src=\"https:\/\/www.masconline.ca\/wp-content\/uploads\/2022\/01\/Plaid-volunteer-smaler.png\" alt=\"\" data-id=\"5859\" data-full-url=\"https:\/\/www.masconline.ca\/wp-content\/uploads\/2022\/01\/Plaid-volunteer-smaler.png\" data-link=\"https:\/\/www.masconline.ca\/fr\/get-involved\/devenez-benevole\/plaid-volunteer-smaler-2\/\" class=\"wp-image-5859\" srcset=\"https:\/\/www.masconline.ca\/wp-content\/uploads\/2022\/01\/Plaid-volunteer-smaler.png 500w, https:\/\/www.masconline.ca\/wp-content\/uploads\/2022\/01\/Plaid-volunteer-smaler-212x300.png 212w, https:\/\/www.masconline.ca\/wp-content\/uploads\/2022\/01\/Plaid-volunteer-smaler-141x200.png 141w\" sizes=\"(max-width: 500px) 100vw, 500px\" \/><\/figure><\/li><li class=\"blocks-gallery-item\"><figure><img loading=\"lazy\" decoding=\"async\" width=\"600\" height=\"1006\" src=\"https:\/\/www.masconline.ca\/wp-content\/uploads\/2022\/01\/Marion-and-Chris-B-volunteering.png\" alt=\"\" data-id=\"5857\" data-full-url=\"https:\/\/www.masconline.ca\/wp-content\/uploads\/2022\/01\/Marion-and-Chris-B-volunteering.png\" data-link=\"https:\/\/www.masconline.ca\/fr\/get-involved\/devenez-benevole\/marion-and-chris-b-volunteering-2\/\" class=\"wp-image-5857\" srcset=\"https:\/\/www.masconline.ca\/wp-content\/uploads\/2022\/01\/Marion-and-Chris-B-volunteering.png 600w, https:\/\/www.masconline.ca\/wp-content\/uploads\/2022\/01\/Marion-and-Chris-B-volunteering-179x300.png 179w, https:\/\/www.masconline.ca\/wp-content\/uploads\/2022\/01\/Marion-and-Chris-B-volunteering-119x200.png 119w\" sizes=\"(max-width: 600px) 100vw, 600px\" \/><\/figure><\/li><\/ul><\/figure>\n\n\n\n<p>Nous ne pourrions tout simplement pas faire ce que nous faisons sans notre merveilleux r\u00e9seau de b\u00e9n\u00e9voles. Tout au long des 32 ann\u00e9es d&rsquo;existence de MASC, les b\u00e9n\u00e9voles ont jou\u00e9 un r\u00f4le essentiel d&rsquo;appui \u00e0 nos \u00e9v\u00e9nements en offrant un soutien administratif appr\u00e9ci\u00e9 au bureau et au sein du conseil d&rsquo;administration. Nous nous appuyons sur leurs comp\u00e9tences et leur enthousiasme, ce qui nous permet de toucher les \u00e9coles et les communaut\u00e9s de mani\u00e8re plus approfondie et plus riche. Nous ne pourrions tout simplement pas faire ce que nous faisons sans notre merveilleux r\u00e9seau de b\u00e9n\u00e9voles.<\/p>\n\n\n\n<h4 class=\"wp-block-heading\"><strong>Les opportunit\u00e9s de b\u00e9n\u00e9volat chez MASC sont multiples !<\/strong><\/h4>\n\n\n\n<p><meta charset=\"utf-8\"><strong>Aide aux \u00e9v\u00e9nements<\/strong><\/p>\n\n\n\n<ul><li>Renseignez-vous aupr\u00e8s du personnel de MASC sur les possibilit\u00e9s qui s&rsquo;offrent \u00e0 vous lorsque nous revenons aux \u00e9v\u00e9nements en personne.<\/li><\/ul>\n\n\n\n<p id=\"block-eb182ec5-8ffe-4216-b65d-d14d1c46f9b3\"><strong>Soutien administratif<\/strong><\/p>\n\n\n\n<ul><li>Traduction<\/li><li>R\u00e9vision et correction d&rsquo;\u00e9preuves<\/li><\/ul>\n\n\n\n<div class=\"wp-block-columns is-layout-flex wp-container-core-columns-is-layout-1 wp-block-columns-is-layout-flex\">\n<div class=\"wp-block-column is-layout-flow wp-block-column-is-layout-flow\" style=\"flex-basis:100%\">\n<div class=\"wp-block-buttons is-content-justification-center is-layout-flex wp-block-buttons-is-layout-flex\">\n<div class=\"wp-block-button\"><a class=\"wp-block-button__link\" href=\"https:\/\/www.masconline.ca\/fr\/get-involved\/contactez-nous\/\" target=\"_blank\" rel=\"noreferrer noopener\">Contactez-nous<\/a><\/div>\n<\/div>\n<\/div>\n<\/div>\n","protected":false},"excerpt":{"rendered":"<p>Nous serions ravis de vous compter parmi nous!&nbsp; Nous ne pourrions tout simplement pas faire ce que nous faisons sans notre merveilleux r\u00e9seau de b\u00e9n\u00e9voles. Tout au long des 32 ann\u00e9es d&rsquo;existence de MASC, les b\u00e9n\u00e9voles ont jou\u00e9 un r\u00f4le essentiel d&rsquo;appui \u00e0 nos \u00e9v\u00e9nements en offrant un soutien administratif appr\u00e9ci\u00e9 au bureau et au [&hellip;]<\/p>\n","protected":false},"author":7,"featured_media":0,"parent":2362,"menu_order":60,"comment_status":"closed","ping_status":"closed","template":"","meta":{"_acf_changed":false,"footnotes":""},"acf":[],"_links":{"self":[{"href":"https:\/\/www.masconline.ca\/fr\/wp-json\/wp\/v2\/pages\/2366"}],"collection":[{"href":"https:\/\/www.masconline.ca\/fr\/wp-json\/wp\/v2\/pages"}],"about":[{"href":"https:\/\/www.masconline.ca\/fr\/wp-json\/wp\/v2\/types\/page"}],"author":[{"embeddable":true,"href":"https:\/\/www.masconline.ca\/fr\/wp-json\/wp\/v2\/users\/7"}],"replies":[{"embeddable":true,"href":"https:\/\/www.masconline.ca\/fr\/wp-json\/wp\/v2\/comments?post=2366"}],"version-history":[{"count":0,"href":"https:\/\/www.masconline.ca\/fr\/wp-json\/wp\/v2\/pages\/2366\/revisions"}],"up":[{"embeddable":true,"href":"https:\/\/www.masconline.ca\/fr\/wp-json\/wp\/v2\/pages\/2362"}],"wp:attachment":[{"href":"https:\/\/www.masconline.ca\/fr\/wp-json\/wp\/v2\/media?parent=2366"}],"curies":[{"name":"wp","href":"https:\/\/api.w.org\/{rel}","templated":true}]}}