{"id":2370,"date":"2021-09-29T15:42:28","date_gmt":"2021-09-29T15:42:28","guid":{"rendered":"https:\/\/www.masconline.ca\/get-involved\/donate\/"},"modified":"2025-12-18T13:04:07","modified_gmt":"2025-12-18T18:04:07","slug":"donation","status":"publish","type":"page","link":"https:\/\/www.masconline.ca\/fr\/participez\/donation\/","title":{"rendered":"Faites un don !"},"content":{"rendered":"\n<figure class=\"wp-block-image size-large\"><img loading=\"lazy\" decoding=\"async\" width=\"1024\" height=\"683\" src=\"https:\/\/www.masconline.ca\/wp-content\/uploads\/2021\/09\/DSC9395-1024x683.jpg\" alt=\"\" class=\"wp-image-9749\" srcset=\"https:\/\/www.masconline.ca\/wp-content\/uploads\/2021\/09\/DSC9395-1024x683.jpg 1024w, https:\/\/www.masconline.ca\/wp-content\/uploads\/2021\/09\/DSC9395-300x200.jpg 300w, https:\/\/www.masconline.ca\/wp-content\/uploads\/2021\/09\/DSC9395-768x512.jpg 768w, https:\/\/www.masconline.ca\/wp-content\/uploads\/2021\/09\/DSC9395-1536x1024.jpg 1536w, https:\/\/www.masconline.ca\/wp-content\/uploads\/2021\/09\/DSC9395-2048x1365.jpg 2048w, https:\/\/www.masconline.ca\/wp-content\/uploads\/2021\/09\/DSC9395-200x133.jpg 200w\" sizes=\"(max-width: 1024px) 100vw, 1024px\" \/><\/figure>\n\n\n\n<h3 class=\"wp-block-heading\"><strong>Devenez un\u00b7e ami<strong>\u00b7<\/strong><\/strong>e<strong> de MASC \u2013 Faites un don aujourd\u2019hui !<\/strong><\/h3>\n\n\n\n<p>Chez MASC, nous croyons que tout le monde m\u00e9rite un acc\u00e8s aux arts. Votre don permet d\u2019apporter des exp\u00e9riences artistiques puissantes et professionnelles dans les \u00e9coles et les communaut\u00e9s qui en ont le plus besoin. <\/p>\n\n\n\n<p>En devenant <strong>Ami\u00b7e de MASC<\/strong>, vous rejoignez un cercle grandissant de personnes qui croient au <strong>pouvoir des arts pour inspirer, rassembler et transformer des vies<\/strong>. Votre g\u00e9n\u00e9rosit\u00e9 soutient notre programmation principale et permet d\u2019\u00e9largir l\u2019acc\u00e8s \u00e0 ceux et celles qui en ont le plus besoin.<\/p>\n\n\n\n<h3 class=\"wp-block-heading\"><strong>AGISSEZ D\u00c8S AUJOURD\u2019HUI !<\/strong><\/h3>\n\n\n\n<p>Faites un don d\u00e8s maintenant pour soutenir la mission de MASC \u2014 ou communiquez avec notre directrice g\u00e9n\u00e9rale, Micheline Shoebridge, pour en savoir plus et d\u00e9couvrir comment avoir un impact encore plus grand : <a class=\"\">michelineshoebridge@masconline.ca<\/a><\/p>\n\n\n\n<script id=\"ch_cdn_embed\" type=\"text\/javascript\" src=\"https:\/\/www.canadahelps.org\/secure\/js\/cdf_embed.2.js\" charSet=\"utf-8\" data-language=\"fr\" data-page-id=\"74106\" data-root-url=\"https:\/\/www.canadahelps.org\" data-formtype=\"0\" data-cfasync=\"false\"><\/script>\n\n\n\n<h3 class=\"wp-block-heading\">\ud83c\udfa8 <strong>Au coeur des arts : Alimenter la cr\u00e9ativit\u00e9<\/strong><\/h3>\n\n\n\n<p>Votre don \u00e0 <em>Au coeur des arts<\/em> offre un financement flexible qui alimente le c\u0153ur du travail de MASC. Ce soutien essentiel permet \u00e0 MASC de r\u00e9pondre aux besoins \u00e9mergents, de maintenir des programmes indispensables et d\u2019investir dans l\u2019innovation ainsi que dans la solidit\u00e9 organisationnelle, l\u00e0 o\u00f9 cela est le plus n\u00e9cessaire.<\/p>\n\n\n\n<h3 class=\"wp-block-heading\">\ud83e\udd1d <strong>Programme de subvention pARTiciper! : Briser les barri\u00e8res financi\u00e8res<\/strong><\/h3>\n\n\n\n<p>Le programme de subvention <em>pARTiciper!<\/em> offre un soutien financier aux \u00e9coles \u00e0 faible revenu, aux communaut\u00e9s de nouveaux arrivants et aux groupes en qu\u00eate d\u2019\u00e9quit\u00e9, afin que chacun puisse vivre des exp\u00e9riences artistiques transformatrices qui inspirent et rassemblent.<\/p>\n\n\n\n<p><strong>Assurez-vous que tous les enfants et les jeunes puissent participer aux arts \u2014 peu importe leur origine.<\/strong><\/p>\n\n\n\n<h3 class=\"wp-block-heading\">\ud83c\udf89 <strong>C\u00e9l\u00e9brer les arts : Amplifier les voix<\/strong><\/h3>\n\n\n\n<p>En contribuant au programme <em>C\u00e9l\u00e9brer les arts<\/em>, vous appuyez les festivals pluridisciplinaires de MASC, qui rassemblent des artistes et des communaut\u00e9s diversifi\u00e9s pour c\u00e9l\u00e9brer la cr\u00e9ativit\u00e9 et la culture. Ensemble, gardons les arts vivants, accessibles et inspirants pour tou\u00b7te\u00b7s\u202f!<\/p>\n\n\n\n<hr class=\"wp-block-separator has-alpha-channel-opacity\"\/>\n","protected":false},"excerpt":{"rendered":"<p>Devenez un\u00b7e ami\u00b7e de MASC \u2013 Faites un don aujourd\u2019hui ! Chez MASC, nous croyons que tout le monde m\u00e9rite un acc\u00e8s aux arts. Votre don permet d\u2019apporter des exp\u00e9riences artistiques puissantes et professionnelles dans les \u00e9coles et les communaut\u00e9s qui en ont le plus besoin. En devenant Ami\u00b7e de MASC, vous rejoignez un cercle [&hellip;]<\/p>\n","protected":false},"author":7,"featured_media":3512,"parent":2362,"menu_order":54,"comment_status":"closed","ping_status":"closed","template":"","meta":{"_acf_changed":false,"footnotes":""},"acf":[],"_links":{"self":[{"href":"https:\/\/www.masconline.ca\/fr\/wp-json\/wp\/v2\/pages\/2370"}],"collection":[{"href":"https:\/\/www.masconline.ca\/fr\/wp-json\/wp\/v2\/pages"}],"about":[{"href":"https:\/\/www.masconline.ca\/fr\/wp-json\/wp\/v2\/types\/page"}],"author":[{"embeddable":true,"href":"https:\/\/www.masconline.ca\/fr\/wp-json\/wp\/v2\/users\/7"}],"replies":[{"embeddable":true,"href":"https:\/\/www.masconline.ca\/fr\/wp-json\/wp\/v2\/comments?post=2370"}],"version-history":[{"count":0,"href":"https:\/\/www.masconline.ca\/fr\/wp-json\/wp\/v2\/pages\/2370\/revisions"}],"up":[{"embeddable":true,"href":"https:\/\/www.masconline.ca\/fr\/wp-json\/wp\/v2\/pages\/2362"}],"wp:featuredmedia":[{"embeddable":true,"href":"https:\/\/www.masconline.ca\/fr\/wp-json\/wp\/v2\/media\/3512"}],"wp:attachment":[{"href":"https:\/\/www.masconline.ca\/fr\/wp-json\/wp\/v2\/media?parent=2370"}],"curies":[{"name":"wp","href":"https:\/\/api.w.org\/{rel}","templated":true}]}}