{"id":2372,"date":"2021-09-29T15:43:34","date_gmt":"2021-09-29T15:43:34","guid":{"rendered":"https:\/\/www.masconline.ca\/get-involved\/join-mascs-roster\/"},"modified":"2026-04-01T14:53:14","modified_gmt":"2026-04-01T18:53:14","slug":"devenez-un-artiste-masc","status":"publish","type":"page","link":"https:\/\/www.masconline.ca\/fr\/participez\/devenez-un-artiste-masc\/","title":{"rendered":"Devenez un artiste MASC"},"content":{"rendered":"\n<h6 class=\"wp-block-heading has-text-align-center\">\u00cates-vous un(e) artiste professionnel(le) ayant de l\u2019exp\u00e9rience et une passion pour apporter les arts dans les \u00e9coles et les communaut\u00e9s?<\/h6>\n\n\n\n<h6 class=\"wp-block-heading has-text-align-center\">Posez votre candidature pour faire partie du r\u00e9pertoire des artistes MASC!&nbsp;<\/h6>\n\n\n\n<figure class=\"wp-block-image size-large is-resized\"><img loading=\"lazy\" decoding=\"async\" width=\"1024\" height=\"458\" src=\"https:\/\/www.masconline.ca\/wp-content\/uploads\/2023\/09\/MASC_IMG_join-the-roster_F_digital-1-1024x458.jpg\" alt=\"\" class=\"wp-image-9804\" style=\"width:842px\" srcset=\"https:\/\/www.masconline.ca\/wp-content\/uploads\/2023\/09\/MASC_IMG_join-the-roster_F_digital-1-1024x458.jpg 1024w, https:\/\/www.masconline.ca\/wp-content\/uploads\/2023\/09\/MASC_IMG_join-the-roster_F_digital-1-300x134.jpg 300w, https:\/\/www.masconline.ca\/wp-content\/uploads\/2023\/09\/MASC_IMG_join-the-roster_F_digital-1-768x344.jpg 768w, https:\/\/www.masconline.ca\/wp-content\/uploads\/2023\/09\/MASC_IMG_join-the-roster_F_digital-1-1536x687.jpg 1536w, https:\/\/www.masconline.ca\/wp-content\/uploads\/2023\/09\/MASC_IMG_join-the-roster_F_digital-1-2048x916.jpg 2048w, https:\/\/www.masconline.ca\/wp-content\/uploads\/2023\/09\/MASC_IMG_join-the-roster_F_digital-1-200x89.jpg 200w\" sizes=\"(max-width: 1024px) 100vw, 1024px\" \/><\/figure>\n\n\n\n<p><\/p>\n\n\n\n<h6 class=\"wp-block-heading\">La p\u00e9riode de candidature pour faire partie du r\u00e9pertoire d\u2019artistes de MASC est pr\u00e9sentement ferm\u00e9e et ouvrira le 1er d\u00e9cembre.<\/h6>\n\n\n\n<p>MASC a \u00e9t\u00e9 fond\u00e9e sur l\u2019importance de faire d\u00e9couvrir des artistes professionnels, incluant ceux issus de milieux diversifi\u00e9s, aux participants, dans le but de d\u00e9velopper une culture de sensibilisation ainsi qu\u2019une appr\u00e9ciation artistique et culturelle \u00e0 travers les \u00e9coles et les communaut\u00e9s. Puisque MASC valorise l\u2019\u00e9quit\u00e9 et la diversit\u00e9 au sein de son milieu de travail, nous encourageons les artistes des Premi\u00e8res Nations, inuits, m\u00e9tis, noirs, artistes racis\u00e9s, artistes en situation de handicap et artistes 2SLGBTQI+ \u00e0 pr\u00e9senter leur candidature.<\/p>\n\n\n\n<div class=\"wp-block-buttons is-layout-flex wp-block-buttons-is-layout-flex\">\n<div class=\"wp-block-button\"><a class=\"wp-block-button__link has-black-color has-luminous-vivid-amber-background-color has-text-color has-background has-link-color wp-element-button\" href=\"https:\/\/forms.gle\/2EKCqKhoLFyeHsGJ7\"><strong>Postulez maintenant!<\/strong><\/a><\/div>\n<\/div>\n\n\n\n<p><\/p>\n\n\n\n<h6 class=\"wp-block-heading has-medium-font-size\"><strong>Date limite d\u2019inscription&nbsp;: 31 janvier 2026<\/strong><\/h6>\n\n\n\n<h2 class=\"wp-block-heading\"><strong>Crit\u00e8res d\u2019admissibilit\u00e9 :<\/strong>&nbsp;<\/h2>\n\n\n\n<h4 class=\"wp-block-heading\"><strong>M\u00c9RITE ARTISTIQUE<\/strong><\/h4>\n\n\n\n<p>L\u2019artiste est reconnu comme artiste professionnel :&nbsp;<\/p>\n\n\n\n<ul>\n<li>L\u2019artiste a d\u00e9velopp\u00e9 des comp\u00e9tences gr\u00e2ce \u00e0 une formation ou \u00e0 une pratique dans une ou plusieurs disciplines artistiques.&nbsp;<\/li>\n\n\n\n<li>L\u2019artiste est reconnu comme tel par des artistes \u0153uvrant dans la m\u00eame tradition artistique.&nbsp;<\/li>\n\n\n\n<li>L\u2019artiste a un historique de prestations publiques, d\u2019expositions ou de publications (y compris foires d\u2019art, pow-wow, festivals et pr\u00e9sentations professionnelles).&nbsp;<\/li>\n<\/ul>\n\n\n\n<h4 class=\"wp-block-heading\"><strong>\u00c9DUCATION ARTISTIQUE ET PROPOSITION DE PROGRAMME<\/strong>&nbsp;<\/h4>\n\n\n\n<ul>\n<li>L\u2019artiste poss\u00e8de de l\u2019exp\u00e9rience dans l\u2019animation de programmes artistiques en milieu scolaire et\/ou communautaire.&nbsp;<\/li>\n\n\n\n<li>La proposition de programme est captivante et offre quelque chose de nouveau aux \u00e9coles (exp\u00e9riences d\u2019apprentissage originales).&nbsp;<\/li>\n\n\n\n<li>Le programme pr\u00e9sente un alignement clair, ou des occasions de lien, avec le curriculum d\u2019\u00e9ducation artistique de l\u2019Ontario.&nbsp;<\/li>\n\n\n\n<li>L\u2019artiste d\u00e9montre une v\u00e9ritable passion et une capacit\u00e9 \u00e0 partager ses connaissances avec les participant(e)s, et s\u2019engage envers l\u2019\u00e9ducation artistique.&nbsp;<\/li>\n<\/ul>\n\n\n\n<h4 class=\"wp-block-heading\"><strong><strong>ALIGNEMENT AVEC MASC<\/strong>&nbsp;<\/strong><\/h4>\n\n\n\n<ul>\n<li><\/li>\n<\/ul>\n\n\n\n<ul>\n<li>L\u2019artiste propose un programme unique qui ne fait pas double emploi avec les programmes d\u00e9j\u00e0 pr\u00e9sents dans la programmation de MASC. Il s\u2019agit d\u2019une exigence obligatoire afin d\u2019assurer la diversit\u00e9 de notre offre.&nbsp;<\/li>\n\n\n\n<li>Le programme r\u00e9pond aux besoins des partenaires, notamment les conseils scolaires.&nbsp;<\/li>\n<\/ul>\n\n\n\n<h4 class=\"wp-block-heading\"><strong><strong>CONSID\u00c9RATIONS CULTURELLES<\/strong><\/strong><\/h4>\n\n\n\n<ul>\n<li>MASC s\u2019engage \u00e0 assurer la repr\u00e9sentation d\u2019artistes diversifi\u00e9s au sein de sa programmation. Nous encourageons les artistes de tous horizons \u00e0 poser leur candidature.&nbsp;<\/li>\n\n\n\n<li>Pour tout programme li\u00e9 \u00e0 une culture sp\u00e9cifique, veuillez bien vous familiariser avec la <a href=\"https:\/\/www.masconline.ca\/wp-content\/uploads\/2022\/04\/Politique-sur-lappropriation-culturelle-de-MASC-2022.pdf\" data-type=\"link\" data-id=\"https:\/\/www.masconline.ca\/wp-content\/uploads\/2022\/04\/Politique-sur-lappropriation-culturelle-de-MASC-2022.pdf\">Politique sur l\u2019appropriation culturelle de MASC<\/a>.&nbsp;<\/li>\n<\/ul>\n\n\n\n<h4 class=\"wp-block-heading\"><strong><strong>LE PROCESSUS<\/strong><\/strong><\/h4>\n\n\n\n<h4 class=\"wp-block-heading\">\u00c9tape 1 &#8211; Candidature <\/h4>\n\n\n\n<p>Les artistes soumettent leur candidature via notre formulaire en ligne. L\u2019\u00e9quipe de MASC effectue un premier examen selon les crit\u00e8res d\u2019admissibilit\u00e9 et de programme \u00e9tablis.&nbsp;<br><strong>Veuillez noter qu\u2019en raison du volume \u00e9lev\u00e9 de candidatures, seules les personnes s\u00e9lectionn\u00e9es seront contact\u00e9es pour la suite. <\/strong>Nous ne sommes pas en mesure de r\u00e9pondre individuellement \u00e0 tout(e)s les candidat(e)s.)&nbsp;<\/p>\n\n\n\n<h4 class=\"wp-block-heading\">\u00c9tape 2 &#8211; Entrevue<\/h4>\n\n\n\n<p>Si votre candidature est retenue, MASC vous invitera \u00e0 une entrevue afin d\u2019approfondir votre programme. L\u2019entrevue nous aide \u00e0 \u00e9valuer votre pratique artistique, votre exp\u00e9rience en \u00e9ducation artistique et votre alignement avec les valeurs de MASC.&nbsp;<\/p>\n\n\n\n<h4 class=\"wp-block-heading\">\u00c9tape 3 &#8211; Audition<\/h4>\n\n\n\n<p>Si MASC et l\u2019artiste souhaitent poursuivre apr\u00e8s l\u2019entrevue, l\u2019artiste sera invit\u00e9(e) \u00e0 diriger une audition de son programme dans une classe ou un milieu communautaire.&nbsp;<br>L\u2019audition est offerte gratuitement \u00e0 un milieu travaillant avec une communaut\u00e9 mal desservie. Les artistes re\u00e7oivent un honoraire pour leur participation.&nbsp;<\/p>\n\n\n\n<p>Les enseignant(e)s ou repr\u00e9sentant(e)s du lieu observeront la s\u00e9ance et fourniront une r\u00e9troaction \u00e9crite. Le personnel de MASC sera \u00e9galement pr\u00e9sent. Toutes les r\u00e9troactions seront partag\u00e9es avec l\u2019artiste.&nbsp;<\/p>\n\n\n\n<h4 class=\"wp-block-heading\">\u00c9tape 4 &#8211; R\u00e9sultats<\/h4>\n\n\n\n<p>L\u2019\u00e9quipe de MASC examine les r\u00e9sultats de toutes les \u00e9tapes afin de prendre une d\u00e9cision finale. Les artistes retenu(e)s seront invit\u00e9(e)s \u00e0 joindre la programmation de MASC et se verront offrir un contrat pour la prochaine saison (du 1er septembre au 30 ao\u00fbt).&nbsp;<\/p>\n\n\n\n<h4 class=\"wp-block-heading\">\u00c9tape 5 &#8211; \u00c9valuation continue<\/h4>\n\n\n\n<p>Une fois dans la programmation, les artistes commencent \u00e0 offrir leurs programmes dans les \u00e9coles et les lieux communautaires. MASC recueille une r\u00e9troaction continue de la part des \u00e9ducateurs et partenaires afin de soutenir l\u2019am\u00e9lioration continue et l\u2019excellence des programmes.&nbsp;<\/p>\n\n\n\n<h4 class=\"wp-block-heading\">Exigences suppl\u00e9mentaires<\/h4>\n\n\n\n<p>Tous les artistes de MASC doivent poss\u00e9der une v\u00e9rification polici\u00e8re \u00e0 jour.&nbsp;<br>Pour les personnes Sourdes, malentendantes ou utilisatrices de ATS, veuillez utiliser votre service de relais (Message Relay Service) ou service IP pr\u00e9f\u00e9r\u00e9 pour communiquer avec nous.&nbsp;<\/p>\n\n\n\n<p><em>Pour plus d\u2019informations, veuillez contacter : <a href=\"mailto:programmationfrancophone@masconline.ca\" target=\"_blank\" rel=\"noreferrer noopener\">programmationfrancophone@masconline.ca<\/a>&nbsp;&nbsp;<\/em><\/p>\n\n\n\n<ul>\n<li><\/li>\n<\/ul>\n\n\n\n<p><\/p>\n\n\n\n<div style=\"height:100px\" aria-hidden=\"true\" class=\"wp-block-spacer\"><\/div>\n","protected":false},"excerpt":{"rendered":"<p>\u00cates-vous un(e) artiste professionnel(le) ayant de l\u2019exp\u00e9rience et une passion pour apporter les arts dans les \u00e9coles et les communaut\u00e9s? Posez votre candidature pour faire partie du r\u00e9pertoire des artistes MASC!&nbsp; La p\u00e9riode de candidature pour faire partie du r\u00e9pertoire d\u2019artistes de MASC est pr\u00e9sentement ferm\u00e9e et ouvrira le 1er d\u00e9cembre. MASC a \u00e9t\u00e9 fond\u00e9e [&hellip;]<\/p>\n","protected":false},"author":7,"featured_media":2079,"parent":2362,"menu_order":50,"comment_status":"closed","ping_status":"closed","template":"","meta":{"_acf_changed":false,"footnotes":""},"acf":[],"_links":{"self":[{"href":"https:\/\/www.masconline.ca\/fr\/wp-json\/wp\/v2\/pages\/2372"}],"collection":[{"href":"https:\/\/www.masconline.ca\/fr\/wp-json\/wp\/v2\/pages"}],"about":[{"href":"https:\/\/www.masconline.ca\/fr\/wp-json\/wp\/v2\/types\/page"}],"author":[{"embeddable":true,"href":"https:\/\/www.masconline.ca\/fr\/wp-json\/wp\/v2\/users\/7"}],"replies":[{"embeddable":true,"href":"https:\/\/www.masconline.ca\/fr\/wp-json\/wp\/v2\/comments?post=2372"}],"version-history":[{"count":0,"href":"https:\/\/www.masconline.ca\/fr\/wp-json\/wp\/v2\/pages\/2372\/revisions"}],"up":[{"embeddable":true,"href":"https:\/\/www.masconline.ca\/fr\/wp-json\/wp\/v2\/pages\/2362"}],"wp:featuredmedia":[{"embeddable":true,"href":"https:\/\/www.masconline.ca\/fr\/wp-json\/wp\/v2\/media\/2079"}],"wp:attachment":[{"href":"https:\/\/www.masconline.ca\/fr\/wp-json\/wp\/v2\/media?parent=2372"}],"curies":[{"name":"wp","href":"https:\/\/api.w.org\/{rel}","templated":true}]}}