{"id":2374,"date":"2021-09-29T15:42:59","date_gmt":"2021-09-29T15:42:59","guid":{"rendered":"https:\/\/www.masconline.ca\/get-involved\/join-the-team\/"},"modified":"2025-12-01T10:50:33","modified_gmt":"2025-12-01T15:50:33","slug":"rejoins-lequipe","status":"publish","type":"page","link":"https:\/\/www.masconline.ca\/fr\/participez\/rejoins-lequipe\/","title":{"rendered":"Possibilit\u00e9s d&#8217;emploi"},"content":{"rendered":"\n<figure class=\"wp-block-image size-large\"><img loading=\"lazy\" decoding=\"async\" width=\"1024\" height=\"683\" src=\"https:\/\/www.masconline.ca\/wp-content\/uploads\/2023\/05\/DSC9324-1024x683.jpg\" alt=\"\" class=\"wp-image-9209\" srcset=\"https:\/\/www.masconline.ca\/wp-content\/uploads\/2023\/05\/DSC9324-1024x683.jpg 1024w, https:\/\/www.masconline.ca\/wp-content\/uploads\/2023\/05\/DSC9324-300x200.jpg 300w, https:\/\/www.masconline.ca\/wp-content\/uploads\/2023\/05\/DSC9324-768x512.jpg 768w, https:\/\/www.masconline.ca\/wp-content\/uploads\/2023\/05\/DSC9324-1536x1024.jpg 1536w, https:\/\/www.masconline.ca\/wp-content\/uploads\/2023\/05\/DSC9324-2048x1365.jpg 2048w, https:\/\/www.masconline.ca\/wp-content\/uploads\/2023\/05\/DSC9324-200x133.jpg 200w\" sizes=\"(max-width: 1024px) 100vw, 1024px\" \/><\/figure>\n\n\n\n<div style=\"height:42px\" aria-hidden=\"true\" class=\"wp-block-spacer\"><\/div>\n\n\n\n<h3 class=\"wp-block-heading\"><strong>Merci pour votre int\u00e9r\u00eat!<\/strong><\/h3>\n\n\n\n<p>Merci de votre int\u00e9r\u00eat \u00e0 rejoindre l\u2019\u00e9quipe de MASC. Nous vous invitons \u00e0 revenir consulter cette page et \u00e0 vous inscrire \u00e0 notre infolettre pour \u00eatre inform\u00e9\u00b7e des prochaines offres d\u2019emploi.<\/p>\n\n\n\n<p>Nous vous remercions de croire en l\u2019importance de rendre les arts accessibles dans les \u00e9coles et les milieux communautaires.<\/p>\n\n\n\n<p><\/p>\n","protected":false},"excerpt":{"rendered":"<p>Merci pour votre int\u00e9r\u00eat! Merci de votre int\u00e9r\u00eat \u00e0 rejoindre l\u2019\u00e9quipe de MASC. Nous vous invitons \u00e0 revenir consulter cette page et \u00e0 vous inscrire \u00e0 notre infolettre pour \u00eatre inform\u00e9\u00b7e des prochaines offres d\u2019emploi. Nous vous remercions de croire en l\u2019importance de rendre les arts accessibles dans les \u00e9coles et les milieux communautaires.<\/p>\n","protected":false},"author":7,"featured_media":0,"parent":2362,"menu_order":52,"comment_status":"closed","ping_status":"closed","template":"","meta":{"_acf_changed":false,"footnotes":""},"acf":[],"_links":{"self":[{"href":"https:\/\/www.masconline.ca\/fr\/wp-json\/wp\/v2\/pages\/2374"}],"collection":[{"href":"https:\/\/www.masconline.ca\/fr\/wp-json\/wp\/v2\/pages"}],"about":[{"href":"https:\/\/www.masconline.ca\/fr\/wp-json\/wp\/v2\/types\/page"}],"author":[{"embeddable":true,"href":"https:\/\/www.masconline.ca\/fr\/wp-json\/wp\/v2\/users\/7"}],"replies":[{"embeddable":true,"href":"https:\/\/www.masconline.ca\/fr\/wp-json\/wp\/v2\/comments?post=2374"}],"version-history":[{"count":0,"href":"https:\/\/www.masconline.ca\/fr\/wp-json\/wp\/v2\/pages\/2374\/revisions"}],"up":[{"embeddable":true,"href":"https:\/\/www.masconline.ca\/fr\/wp-json\/wp\/v2\/pages\/2362"}],"wp:attachment":[{"href":"https:\/\/www.masconline.ca\/fr\/wp-json\/wp\/v2\/media?parent=2374"}],"curies":[{"name":"wp","href":"https:\/\/api.w.org\/{rel}","templated":true}]}}