{"id":2377,"date":"2021-09-29T15:41:36","date_gmt":"2021-09-29T15:41:36","guid":{"rendered":"https:\/\/www.masconline.ca\/get-involved\/our-supporters\/"},"modified":"2026-04-16T12:57:22","modified_gmt":"2026-04-16T16:57:22","slug":"nos-allies","status":"publish","type":"page","link":"https:\/\/www.masconline.ca\/fr\/participez\/nos-allies\/","title":{"rendered":"Nos alli\u00e9s"},"content":{"rendered":"\n<h1 class=\"wp-block-heading has-text-align-center padding__top--med margin__bottom--negative-xsmall\">Nos alli\u00e9s<\/h1>\n\n\n\t<section class=\"masc-block main-grid padding__top--med padding__bottom--small margin__bottom--negative-small\" style='background-color:;'>\r\n\t\t\t\t<div class=\"align--center padding__top--small padding__bottom--small\">\r\n\t\t\t<div class=\"card-wide align-center\" aria-labelledby=\"\" data-aos-duration=\"750\" data-aos=\"fade\" data-aos-delay=\"500\">\r\n\t\t\t\t\t\t\t<div class=\"masc-block__main width-med\" style=\"vertical-align:top;padding:0 3rem 4rem 3rem;\">\r\n\t\t\t\t\t\t\t\t\t\t<div style=\"text-align:left;\">\r\n\r\n\t\t\t\t\t\t<h4 ><\/h4>\r\n\r\n\t\t\t\t\t\t<p>MASC tient \u00e0 remercier ses bailleurs de fonds et ses partenaires pour leur g\u00e9n\u00e9rosit\u00e9 et leur engagement. Leur appui permet \u00e0 MASC d&rsquo;offrir des exp\u00e9riences artistiques cr\u00e9atives \u00e0 plus de 170 000 \u00e9l\u00e8ves chaque ann\u00e9e.<\/p>\n<p>MASC remercie chaleureusement tous ses partenaires :<\/p>\n\r\n\t\t\t\t\t\t\t\t\t\t\t\t\r\n\t\t\t\t\t<\/div>\r\n\t\t\t\t<\/div>\r\n\t\t\t\t\t\t\t<\/div>\r\n\t\t<\/div>\r\n\t<\/section>\r\n\t\n\n\t\t\t<section class=\"masc-block main-grid padding__top--med-large padding__bottom--med-large \" >\r\n\t\t\t\t\t\t\t\t\t<h2 data-aos-duration=\"500\" data-aos=\"fade\" class=\"align--center\">Partenaires op\u00e9rationnels<\/h2>\r\n\t\t\t\t\t\t\t\t<div class=\"masc-block__logos lrg\">\r\n\t\t\t\t\t\t\t\t\t\t\t\t\t\t\t\t\t\t\t<a class=\"partner-logo \" href='https:\/\/www.arts.on.ca\/accueil?lang=fr-ca' target=\"_blank\" rel=\"noreferrer noopener\" data-aos-duration=\"500\" data-aos=\"fade\" data-aos-delay=\"250\">\r\n\t\t\t\t\t\t\t\t<div class='image' style='background-image:url(https:\/\/www.masconline.ca\/wp-content\/uploads\/2022\/01\/OAC_final_black.jpg);'><\/div>\t\t\t\t\t\t\t<\/a>\r\n\t\t\t\t\t\t\t\t\t\t\t\t\t\t\t\t\t\t\t\t<a class=\"partner-logo \" href='https:\/\/ottawa.ca\/fr' target=\"_blank\" rel=\"noreferrer noopener\" data-aos-duration=\"500\" data-aos=\"fade\" data-aos-delay=\"250\">\r\n\t\t\t\t\t\t\t\t<div class='image' style='background-image:url(https:\/\/www.masconline.ca\/wp-content\/uploads\/2022\/01\/ottawa.jpg);'><\/div>\t\t\t\t\t\t\t<\/a>\r\n\t\t\t\t\t\t\t\t\t\t\t\t\t\t\t\t\t\t\t\t<a class=\"partner-logo single\" href='https:\/\/leacrossfoundation.ca\/' target=\"_blank\" rel=\"noreferrer noopener\" data-aos-duration=\"500\" data-aos=\"fade\" data-aos-delay=\"250\">\r\n\t\t\t\t\t\t\t\t<div class='image' style='background-image:url(https:\/\/www.masconline.ca\/wp-content\/uploads\/2022\/01\/Leacross.jpeg);'><\/div>\t\t\t\t\t\t\t<\/a>\r\n\t\t\t\t\t\t\t\t\t\t\t\t\t\t\t\t\t\t\t\t<a class=\"partner-logo single\" href='https:\/\/azrielifoundation.org\/' target=\"_blank\" rel=\"noreferrer noopener\" data-aos-duration=\"500\" data-aos=\"fade\" data-aos-delay=\"250\">\r\n\t\t\t\t\t\t\t\t<div class='image' style='background-image:url(https:\/\/www.masconline.ca\/wp-content\/uploads\/2025\/12\/David-Azrieli-Timeline_IMG9_medium_preview.jpeg);'><\/div>\t\t\t\t\t\t\t<\/a>\r\n\t\t\t\t\t\t\t\t\t\t\t\t\t\t\t\t\t\t\t\t<a class=\"partner-logo single\" href='https:\/\/conseildesarts.ca\/' target=\"_blank\" rel=\"noreferrer noopener\" data-aos-duration=\"500\" data-aos=\"fade\" data-aos-delay=\"250\">\r\n\t\t\t\t\t\t\t\t<div class='image' style='background-image:url(https:\/\/www.masconline.ca\/wp-content\/uploads\/2025\/06\/Canada_Council_for_the_Arts_logo.svg_.png);'><\/div>\t\t\t\t\t\t\t<\/a>\r\n\t\t\t\t\t\t\t\t\t\t\t\t\t\t\t\t\t\t\t\t<a class=\"partner-logo single\" href='https:\/\/www.canada.ca\/en\/canadian-heritage.html' target=\"_blank\" rel=\"noreferrer noopener\" data-aos-duration=\"500\" data-aos=\"fade\" data-aos-delay=\"250\">\r\n\t\t\t\t\t\t\t\t<div class='image' style='background-image:url(https:\/\/www.masconline.ca\/wp-content\/uploads\/2025\/02\/pch-e-cmyk.png);'><\/div>\t\t\t\t\t\t\t<\/a>\r\n\t\t\t\t\t\t\t\t\t\t\t\t\t\t\t\t\t\t\t\t<a class=\"partner-logo single\" href='https:\/\/oafdn.ca\/fr\/' target=\"_blank\" rel=\"noreferrer noopener\" data-aos-duration=\"500\" data-aos=\"fade\" data-aos-delay=\"250\">\r\n\t\t\t\t\t\t\t\t<div class='image' style='background-image:url(https:\/\/www.masconline.ca\/wp-content\/uploads\/2025\/06\/Ontario_Arts_Foundation_logo.svg_.png);'><\/div>\t\t\t\t\t\t\t<\/a>\r\n\t\t\t\t\t\t\t\t\t\t\t\t\t\t\t\t\t\t\t\t<a class=\"partner-logo single\" href='https:\/\/www.raymondjames.ca\/' target=\"_blank\" rel=\"noreferrer noopener\" data-aos-duration=\"500\" data-aos=\"fade\" data-aos-delay=\"250\">\r\n\t\t\t\t\t\t\t\t<div class='image' style='background-image:url(https:\/\/www.masconline.ca\/wp-content\/uploads\/2025\/02\/Raymond-James-Canada-Foundation-FR.png);'><\/div>\t\t\t\t\t\t\t<\/a>\r\n\t\t\t\t\t\t\t\t\t\t\t\t\t\t\t\t\t\t\t\t<a class=\"partner-logo single\"  target=\"_blank\" rel=\"noreferrer noopener\" data-aos-duration=\"500\" data-aos=\"fade\" data-aos-delay=\"250\">\r\n\t\t\t\t\t\t\t\t<h4 style='margin:0 3rem;'>Fonds familial Sally A. Hough<\/h4>\t\t\t\t\t\t\t<\/a>\r\n\t\t\t\t\t\t\t\t\t\t\t\t\t\t\t\t\t\t\t\t<\/div>\r\n\t\t\t<\/section>\r\n\t\t\t\t\t<section class=\"masc-block main-grid padding__top--med-large padding__bottom--med-large \" >\r\n\t\t\t\t\t\t\t\t\t<h2 data-aos-duration=\"500\" data-aos=\"fade\" class=\"align--center\">Partenaires de subvention<\/h2>\r\n\t\t\t\t\t\t\t\t<div class=\"masc-block__logos med\">\r\n\t\t\t\t\t\t\t\t\t\t\t\t\t\t\t\t\t\t\t<a class=\"partner-logo \" href='https:\/\/ottawa.ca\/fr' target=\"_blank\" rel=\"noreferrer noopener\" data-aos-duration=\"500\" data-aos=\"fade\" data-aos-delay=\"250\">\r\n\t\t\t\t\t\t\t\t<div class='image' style='background-image:url(https:\/\/www.masconline.ca\/wp-content\/uploads\/2022\/01\/ottawa.jpg);'><\/div>\t\t\t\t\t\t\t<\/a>\r\n\t\t\t\t\t\t\t\t\t\t\t\t\t\t\t\t\t\t\t\t<a class=\"partner-logo \" href='https:\/\/www.ocf-fco.ca\/?lang=fr' target=\"_blank\" rel=\"noreferrer noopener\" data-aos-duration=\"500\" data-aos=\"fade\" data-aos-delay=\"250\">\r\n\t\t\t\t\t\t\t\t<div class='image' style='background-image:url(https:\/\/www.masconline.ca\/wp-content\/uploads\/2022\/01\/OCF_TagVert_EN_FR.RGB_.jpg);'><\/div>\t\t\t\t\t\t\t<\/a>\r\n\t\t\t\t\t\t\t\t\t\t\t\t\t\t\t\t\t\t\t\t<a class=\"partner-logo single\" href='https:\/\/www.ocf-fco.ca\/funds\/en-cajole-inn-fund\/' target=\"_blank\" rel=\"noreferrer noopener\" data-aos-duration=\"500\" data-aos=\"fade\" data-aos-delay=\"250\">\r\n\t\t\t\t\t\t\t\t<h4 style='margin:0 3rem;'>Cajole Inn Fund (OCF)<\/h4>\t\t\t\t\t\t\t<\/a>\r\n\t\t\t\t\t\t\t\t\t\t\t\t\t\t\t\t\t\t\t\t<a class=\"partner-logo single\"  target=\"_blank\" rel=\"noreferrer noopener\" data-aos-duration=\"500\" data-aos=\"fade\" data-aos-delay=\"250\">\r\n\t\t\t\t\t\t\t\t<h4 style='margin:0 3rem;'>Harry P. Ward<\/h4>\t\t\t\t\t\t\t<\/a>\r\n\t\t\t\t\t\t\t\t\t\t\t\t\t\t\t\t\t\t\t\t<\/div>\r\n\t\t\t<\/section>\r\n\t\t\t\t\t<section class=\"masc-block main-grid padding__top--med-large padding__bottom--med-large \" >\r\n\t\t\t\t\t\t\t\t\t<h2 data-aos-duration=\"500\" data-aos=\"fade\" class=\"align--center\">Partenaires des festivals et des projets<\/h2>\r\n\t\t\t\t\t\t\t\t<div class=\"masc-block__logos sml\">\r\n\t\t\t\t\t\t\t\t\t\t\t\t\t\t\t\t\t\t\t<a class=\"partner-logo \" href='https:\/\/www.ontario.ca\/fr\/page\/gouvernement-de-lontario' target=\"_blank\" rel=\"noreferrer noopener\" data-aos-duration=\"500\" data-aos=\"fade\" data-aos-delay=\"250\">\r\n\t\t\t\t\t\t\t\t<div class='image' style='background-image:url(https:\/\/www.masconline.ca\/wp-content\/uploads\/2022\/10\/ONTARIO_LOGO_BLACK-1.png);'><\/div>\t\t\t\t\t\t\t<\/a>\r\n\t\t\t\t\t\t\t\t\t\t\t\t\t\t\t\t\t\t\t\t<a class=\"partner-logo single\"  target=\"_blank\" rel=\"noreferrer noopener\" data-aos-duration=\"500\" data-aos=\"fade\" data-aos-delay=\"250\">\r\n\t\t\t\t\t\t\t\t<div class='image' style='background-image:url(https:\/\/www.masconline.ca\/wp-content\/uploads\/2025\/08\/bonnie_mabee_endowment_fund_bw-1.png);'><\/div>\t\t\t\t\t\t\t<\/a>\r\n\t\t\t\t\t\t\t\t\t\t\t\t\t\t\t\t\t\t\t\t<a class=\"partner-logo \" href='https:\/\/www.sandyhillchc.on.ca\/fr-ca' target=\"_blank\" rel=\"noreferrer noopener\" data-aos-duration=\"500\" data-aos=\"fade\" data-aos-delay=\"250\">\r\n\t\t\t\t\t\t\t\t<div class='image' style='background-image:url(https:\/\/www.masconline.ca\/wp-content\/uploads\/2023\/03\/LOGO-Sandy-Hill-CHC.jpeg);'><\/div>\t\t\t\t\t\t\t<\/a>\r\n\t\t\t\t\t\t\t\t\t\t\t\t\t\t\t\t\t\t\t\t<a class=\"partner-logo single\" href='https:\/\/leacrossfoundation.ca\/' target=\"_blank\" rel=\"noreferrer noopener\" data-aos-duration=\"500\" data-aos=\"fade\" data-aos-delay=\"250\">\r\n\t\t\t\t\t\t\t\t<div class='image' style='background-image:url(https:\/\/www.masconline.ca\/wp-content\/uploads\/2022\/01\/Leacross.jpeg);'><\/div>\t\t\t\t\t\t\t<\/a>\r\n\t\t\t\t\t\t\t\t\t\t\t\t\t\t\t\t\t\t\t\t<a class=\"partner-logo single\"  target=\"_blank\" rel=\"noreferrer noopener\" data-aos-duration=\"500\" data-aos=\"fade\" data-aos-delay=\"250\">\r\n\t\t\t\t\t\t\t\t<h4 style='margin:0 3rem;'>Turnbull Family Community Building Foundation<\/h4>\t\t\t\t\t\t\t<\/a>\r\n\t\t\t\t\t\t\t\t\t\t\t\t\t\t\t\t\t\t\t\t<a class=\"partner-logo single\" href='https:\/\/www.sheldonrice.com\/your-team\/bio?_=Sheldon.Rice' target=\"_blank\" rel=\"noreferrer noopener\" data-aos-duration=\"500\" data-aos=\"fade\" data-aos-delay=\"250\">\r\n\t\t\t\t\t\t\t\t<div class='image' style='background-image:url(https:\/\/www.masconline.ca\/wp-content\/uploads\/2026\/01\/Rice-Sheldon-Ottawa-Oconnor-Logo-RJ-Blue-Bar.jpg);'><\/div>\t\t\t\t\t\t\t<\/a>\r\n\t\t\t\t\t\t\t\t\t\t\t\t\t\t\t\t\t\t\t\t<a class=\"partner-logo single\" href='https:\/\/www.ocdsb.ca\/' target=\"_blank\" rel=\"noreferrer noopener\" data-aos-duration=\"500\" data-aos=\"fade\" data-aos-delay=\"250\">\r\n\t\t\t\t\t\t\t\t<div class='image' style='background-image:url(https:\/\/www.masconline.ca\/wp-content\/uploads\/2025\/04\/OCDSB_Logo.svg-1.jpg);'><\/div>\t\t\t\t\t\t\t<\/a>\r\n\t\t\t\t\t\t\t\t\t\t\t\t\t\t\t\t\t\t\t\t<a class=\"partner-logo single\" href='https:\/\/www.raymondjames.ca\/' target=\"_blank\" rel=\"noreferrer noopener\" data-aos-duration=\"500\" data-aos=\"fade\" data-aos-delay=\"250\">\r\n\t\t\t\t\t\t\t\t<div class='image' style='background-image:url(https:\/\/www.masconline.ca\/wp-content\/uploads\/2025\/02\/Raymond-James-LOGO_Horizontal_4C.png);'><\/div>\t\t\t\t\t\t\t<\/a>\r\n\t\t\t\t\t\t\t\t\t\t\t\t\t\t\t\t\t\t\t\t<a class=\"partner-logo single\" href='https:\/\/aaof.ca\/' target=\"_blank\" rel=\"noreferrer noopener\" data-aos-duration=\"500\" data-aos=\"fade\" data-aos-delay=\"250\">\r\n\t\t\t\t\t\t\t\t<div class='image' style='background-image:url(https:\/\/www.masconline.ca\/wp-content\/uploads\/2025\/02\/Logo_AAOF_CMJN_Hor-768x348-1.jpg);'><\/div>\t\t\t\t\t\t\t<\/a>\r\n\t\t\t\t\t\t\t\t\t\t\t\t\t\t\t\t\t\t\t\t<a class=\"partner-logo single\" href='https:\/\/odd-cdc.org\/fr\/' target=\"_blank\" rel=\"noreferrer noopener\" data-aos-duration=\"500\" data-aos=\"fade\" data-aos-delay=\"250\">\r\n\t\t\t\t\t\t\t\t<div class='image' style='background-image:url(https:\/\/www.masconline.ca\/wp-content\/uploads\/2025\/02\/ODD15-LOGO-on-white.jpg);'><\/div>\t\t\t\t\t\t\t<\/a>\r\n\t\t\t\t\t\t\t\t\t\t\t\t\t\t\t\t\t\t\t\t<a class=\"partner-logo single\" href='https:\/\/ceao.cepeo.on.ca\/' target=\"_blank\" rel=\"noreferrer noopener\" data-aos-duration=\"500\" data-aos=\"fade\" data-aos-delay=\"250\">\r\n\t\t\t\t\t\t\t\t<div class='image' style='background-image:url(https:\/\/www.masconline.ca\/wp-content\/uploads\/2025\/06\/ceao_cepeo_logo_450_20230305.png);'><\/div>\t\t\t\t\t\t\t<\/a>\r\n\t\t\t\t\t\t\t\t\t\t\t\t\t\t\t\t\t\t\t\t<a class=\"partner-logo \" href='http:\/\/www.theschoolofdance.ca\/' target=\"_blank\" rel=\"noreferrer noopener\" data-aos-duration=\"500\" data-aos=\"fade\" data-aos-delay=\"250\">\r\n\t\t\t\t\t\t\t\t<div class='image' style='background-image:url(https:\/\/www.masconline.ca\/wp-content\/uploads\/2022\/11\/MicrosoftTeams-image-12.jpg);'><\/div>\t\t\t\t\t\t\t<\/a>\r\n\t\t\t\t\t\t\t\t\t\t\t\t\t\t\t\t\t\t\t\t<a class=\"partner-logo single\" href='https:\/\/www.ocsb.ca\/' target=\"_blank\" rel=\"noreferrer noopener\" data-aos-duration=\"500\" data-aos=\"fade\" data-aos-delay=\"250\">\r\n\t\t\t\t\t\t\t\t<div class='image' style='background-image:url(https:\/\/www.masconline.ca\/wp-content\/uploads\/2025\/04\/ocsb-_VerticalLogo_Colour.png);'><\/div>\t\t\t\t\t\t\t<\/a>\r\n\t\t\t\t\t\t\t\t\t\t\t\t\t\t\t\t\t\t\t\t<a class=\"partner-logo single\" href='https:\/\/www.affinityproductions.tv\/home-page-fr\/' target=\"_blank\" rel=\"noreferrer noopener\" data-aos-duration=\"500\" data-aos=\"fade\" data-aos-delay=\"250\">\r\n\t\t\t\t\t\t\t\t<div class='image' style='background-image:url(https:\/\/www.masconline.ca\/wp-content\/uploads\/2025\/02\/Affinity_Production.png);'><\/div>\t\t\t\t\t\t\t<\/a>\r\n\t\t\t\t\t\t\t\t\t\t\t\t\t\t\t\t\t\t\t\t<a class=\"partner-logo single\" href='https:\/\/www.maclennanserratore.ca\/' target=\"_blank\" rel=\"noreferrer noopener\" data-aos-duration=\"500\" data-aos=\"fade\" data-aos-delay=\"250\">\r\n\t\t\t\t\t\t\t\t<div class='image' style='background-image:url(https:\/\/www.masconline.ca\/wp-content\/uploads\/2026\/04\/MLS_LOGO_RGB.jpg);'><\/div>\t\t\t\t\t\t\t<\/a>\r\n\t\t\t\t\t\t\t\t\t\t\t\t\t\t\t\t\t\t\t\t<\/div>\r\n\t\t\t<\/section>\r\n\t\t\n\n\n<h2 class=\"wp-block-heading has-text-align-center padding__top--med padding__bottom--small\">Individus<\/h2>\n\n\n\n<div class=\"wp-block-columns is-layout-flex wp-container-core-columns-is-layout-1 wp-block-columns-is-layout-flex\">\n<div class=\"wp-block-column is-layout-flow wp-block-column-is-layout-flow\">\n<p class=\"has-text-align-center\">Anthony Leaning<br>Bernard et Resa St Lewis<br>Carol Ann Northcott<br>Chantal Racine<br>Colin Henein<br>Cornelia Duck<br>Don MacGregor<br>Elizabeth Powles<br>Elspeth Ross<\/p>\n<\/div>\n\n\n\n<div class=\"wp-block-column is-layout-flow wp-block-column-is-layout-flow\">\n<p class=\"has-text-align-center\">Erin Boudreault<br>Faith Seltzer<br>Genevi\u00e8ve Cimon<br>Giacomo Oliviero<br>Hayden Trenholm<br>Jane Ellens<br>Jennifer Cayley<br>Juan-Luis Vasquez<br>Kathryn Ferris<\/p>\n<\/div>\n\n\n\n<div class=\"wp-block-column is-layout-flow wp-block-column-is-layout-flow\">\n<p class=\"has-text-align-center\">Margaret Campbell<br>Mark Curfoot-Mollington<br>Michael et Connie Colpitts<br>Richard Robicheau<br>Robyn Osgood<br>Sarah Brillinger<br>Tim et Wendy Hartley<br>Tom et Gloria Shoebridge<br>Victoria Steele<\/p>\n<\/div>\n<\/div>\n\n\n\n<h2 class=\"wp-block-heading has-text-align-center padding__top--med padding__bottom--small\">Entreprises<\/h2>\n\n\n\n<p class=\"has-text-align-center\">Canada Helps<br>DPPI<\/p>\n\n\n\n<h2 class=\"wp-block-heading has-text-align-center padding__top--med padding__bottom--small\">Fondations<\/h2>\n\n\n\n<p class=\"has-text-align-center\">Fond Broadhead Fund (OCF)<br>Fondation Azrieli Foundation<\/p>\n\n\n\n<h2 class=\"wp-block-heading has-text-align-center padding__top--med padding__bottom--small\">Photographie\/Vid\u00e9o :<\/h2>\n\n\n\n<p class=\"has-text-align-center\">Bill Juillette<br>Craig Conoley<br>Harry Ferderber<br>Marianne Duval<br>Martin Lipman<br>M\u00e9lanie Provencher<br>Randy Kelly<\/p>\n\n\n","protected":false},"excerpt":{"rendered":"<p>Nos alli\u00e9s Individus Anthony LeaningBernard et Resa St LewisCarol Ann NorthcottChantal RacineColin HeneinCornelia DuckDon MacGregorElizabeth PowlesElspeth Ross Erin BoudreaultFaith SeltzerGenevi\u00e8ve CimonGiacomo OlivieroHayden TrenholmJane EllensJennifer CayleyJuan-Luis VasquezKathryn Ferris Margaret CampbellMark Curfoot-MollingtonMichael et Connie ColpittsRichard RobicheauRobyn OsgoodSarah BrillingerTim et Wendy HartleyTom et Gloria ShoebridgeVictoria Steele Entreprises Canada HelpsDPPI Fondations Fond Broadhead Fund (OCF)Fondation Azrieli Foundation Photographie\/Vid\u00e9o : [&hellip;]<\/p>\n","protected":false},"author":7,"featured_media":0,"parent":2362,"menu_order":57,"comment_status":"closed","ping_status":"closed","template":"templates\/blank.php","meta":{"_acf_changed":true,"footnotes":""},"acf":[],"_links":{"self":[{"href":"https:\/\/www.masconline.ca\/fr\/wp-json\/wp\/v2\/pages\/2377"}],"collection":[{"href":"https:\/\/www.masconline.ca\/fr\/wp-json\/wp\/v2\/pages"}],"about":[{"href":"https:\/\/www.masconline.ca\/fr\/wp-json\/wp\/v2\/types\/page"}],"author":[{"embeddable":true,"href":"https:\/\/www.masconline.ca\/fr\/wp-json\/wp\/v2\/users\/7"}],"replies":[{"embeddable":true,"href":"https:\/\/www.masconline.ca\/fr\/wp-json\/wp\/v2\/comments?post=2377"}],"version-history":[{"count":0,"href":"https:\/\/www.masconline.ca\/fr\/wp-json\/wp\/v2\/pages\/2377\/revisions"}],"up":[{"embeddable":true,"href":"https:\/\/www.masconline.ca\/fr\/wp-json\/wp\/v2\/pages\/2362"}],"wp:attachment":[{"href":"https:\/\/www.masconline.ca\/fr\/wp-json\/wp\/v2\/media?parent=2377"}],"curies":[{"name":"wp","href":"https:\/\/api.w.org\/{rel}","templated":true}]}}