{"id":2390,"date":"2021-09-29T15:49:03","date_gmt":"2021-09-29T15:49:03","guid":{"rendered":"https:\/\/www.masconline.ca\/resources\/policies\/"},"modified":"2026-02-12T15:08:27","modified_gmt":"2026-02-12T20:08:27","slug":"politiques","status":"publish","type":"page","link":"https:\/\/www.masconline.ca\/fr\/resources\/politiques\/","title":{"rendered":"Politiques MASC"},"content":{"rendered":"\n<figure class=\"wp-block-image size-large is-resized\"><img loading=\"lazy\" decoding=\"async\" width=\"1024\" height=\"683\" src=\"https:\/\/www.masconline.ca\/wp-content\/uploads\/2021\/11\/AA-14-CJ-Fleury-11-1-1024x683.jpeg\" alt=\"\" class=\"wp-image-5468\" style=\"width:833px;height:555px\" srcset=\"https:\/\/www.masconline.ca\/wp-content\/uploads\/2021\/11\/AA-14-CJ-Fleury-11-1-1024x683.jpeg 1024w, https:\/\/www.masconline.ca\/wp-content\/uploads\/2021\/11\/AA-14-CJ-Fleury-11-1-300x200.jpeg 300w, https:\/\/www.masconline.ca\/wp-content\/uploads\/2021\/11\/AA-14-CJ-Fleury-11-1-768x512.jpeg 768w, https:\/\/www.masconline.ca\/wp-content\/uploads\/2021\/11\/AA-14-CJ-Fleury-11-1-200x133.jpeg 200w, https:\/\/www.masconline.ca\/wp-content\/uploads\/2021\/11\/AA-14-CJ-Fleury-11-1.jpeg 1280w\" sizes=\"(max-width: 1024px) 100vw, 1024px\" \/><\/figure>\n\n\n\n<div style=\"height:23px\" aria-hidden=\"true\" class=\"wp-block-spacer\"><\/div>\n\n\n\n<p class=\"has-medium-font-size\"><strong><strong>Nos valeurs<\/strong><\/strong><\/p>\n\n\n\n<div class=\"wp-block-buttons is-layout-flex wp-block-buttons-is-layout-flex\">\n<div class=\"wp-block-button\"><a class=\"wp-block-button__link has-black-color has-text-color wp-element-button\" href=\"https:\/\/www.masconline.ca\/wp-content\/uploads\/2022\/04\/Politique-sur-lappropriation-culturelle-de-MASC-2022.pdf\" target=\"_blank\" rel=\"noreferrer noopener\">Politique sur l&rsquo;appropriation culturelle<\/a><\/div>\n\n\n\n<div class=\"wp-block-button\"><a class=\"wp-block-button__link has-black-color has-text-color wp-element-button\" href=\"https:\/\/www.masconline.ca\/wp-content\/uploads\/2022\/04\/Politique-de\u0301quite\u0301-et-de-diversite\u0301-MASC-2022-1.pdf\" target=\"_blank\" rel=\"noreferrer noopener\">Politique d&rsquo;\u00e9quit\u00e9 et diversit\u00e9<\/a><\/div>\n<\/div>\n\n\n\n<div style=\"height:45px\" aria-hidden=\"true\" class=\"wp-block-spacer\"><\/div>\n\n\n\n<p class=\"has-medium-font-size\"><strong>Guide d&rsquo;appui et code de conduite <\/strong><\/p>\n\n\n\n<div class=\"wp-block-buttons is-layout-flex wp-block-buttons-is-layout-flex\">\n<div class=\"wp-block-button\"><a class=\"wp-block-button__link has-black-color has-text-color wp-element-button\" href=\"https:\/\/www.masconline.ca\/wp-content\/uploads\/2024\/11\/MASC_GDL_code-de-conduite-en-virtuel_F.pdf\" target=\"_blank\" rel=\"noreferrer noopener\">En ligne<\/a><\/div>\n\n\n\n<div class=\"wp-block-button\"><a class=\"wp-block-button__link has-black-color has-text-color wp-element-button\" href=\"https:\/\/www.masconline.ca\/wp-content\/uploads\/2024\/11\/MASC_GDL_code-de-conduite-en-presentiel_F.pdf\" target=\"_blank\" rel=\"noreferrer noopener\">En pr\u00e9sentiel<\/a><\/div>\n\n\n\n<div class=\"wp-block-button\"><a class=\"wp-block-button__link has-black-color has-text-color wp-element-button\" href=\"https:\/\/www.masconline.ca\/wp-content\/uploads\/2024\/09\/MASC_GDL_Public-Art-Protocols_F.pdf\" target=\"_blank\" rel=\"noreferrer noopener\">Protocoles d\u2019art public MASC<\/a><\/div>\n<\/div>\n\n\n\n<div style=\"height:39px\" aria-hidden=\"true\" class=\"wp-block-spacer\"><\/div>\n\n\n\n<p class=\"has-medium-font-size\"><strong><strong>Politiques d&rsquo;annulation<\/strong><\/strong><\/p>\n\n\n\n<p><\/p>\n\n\n\n<p style=\"font-size:medium !important;;margin:2rem 0 1rem 0;\">Pour les programmes en pr\u00e9sentiel<\/p>\n\n\n\n<div class=\"wp-block-buttons is-layout-flex wp-block-buttons-is-layout-flex\">\n<div class=\"wp-block-button\"><a class=\"wp-block-button__link wp-element-button\" href=\"https:\/\/www.masconline.ca\/wp-content\/uploads\/2025\/09\/MASC_GDL_Politique-dannulation-programmes-presentiel_F.pdf\" target=\"_blank\" rel=\"noreferrer noopener\">Offerts par les artistes MASC locaux<\/a><\/div>\n\n\n\n<div class=\"wp-block-button\"><a class=\"wp-block-button__link wp-element-button\" href=\"https:\/\/www.masconline.ca\/wp-content\/uploads\/2025\/09\/MASC_GDL_Politique-dannulation-programmes-artistes-en-passage_F.pdf\" target=\"_blank\" rel=\"noreferrer noopener\">Offerts par les artistes MASC en passage<\/a><\/div>\n\n\n\n<div class=\"wp-block-button\"><a class=\"wp-block-button__link wp-element-button\" href=\"https:\/\/www.masconline.ca\/wp-content\/uploads\/2025\/09\/MASC_GDL_Politique-dannulation-programmes-artistes-en-tournee_F.pdf\" target=\"_blank\" rel=\"noreferrer noopener\">Offerts pas les artistes MASC en tourn\u00e9e<\/a><\/div>\n\n\n\n<div class=\"wp-block-button\"><a class=\"wp-block-button__link wp-element-button\" href=\"https:\/\/www.masconline.ca\/wp-content\/uploads\/2025\/09\/MASC_GDL_Politique-dannulation-programmes-residences_F.pdf\" target=\"_blank\" rel=\"noreferrer noopener\">Pour les r\u00e9sidences<\/a><\/div>\n<\/div>\n\n\n\n<p style=\"font-size:medium !important;;margin:2rem 0 1rem 0;\">Pour les festivals<\/p>\n\n\n\n<div class=\"wp-block-buttons is-layout-flex wp-block-buttons-is-layout-flex\">\n<div class=\"wp-block-button\"><a class=\"wp-block-button__link wp-element-button\" href=\"https:\/\/www.masconline.ca\/wp-content\/uploads\/2025\/09\/MASC_GDL_Politique-dannulation-festivals-MASC_F.pdf\" target=\"_blank\" rel=\"noreferrer noopener\">Festivals MASC<\/a><\/div>\n\n\n\n<div class=\"wp-block-button\"><a class=\"wp-block-button__link wp-element-button\" href=\"https:\/\/www.masconline.ca\/wp-content\/uploads\/2025\/09\/MASC_GDL_Politique-dannulation-festivals-non-MASC_F.pdf\" target=\"_blank\" rel=\"noreferrer noopener\">\u00c9v\u00e9nements communautaires (festivales non-MASC)<\/a><\/div>\n<\/div>\n\n\n\n<p style=\"font-size:medium !important;;margin:2rem 0 1rem 0;\">Pour les programmes virtuels<\/p>\n\n\n\n<div class=\"wp-block-buttons is-layout-flex wp-block-buttons-is-layout-flex\">\n<div class=\"wp-block-button\"><a class=\"wp-block-button__link wp-element-button\" href=\"https:\/\/www.masconline.ca\/wp-content\/uploads\/2025\/09\/MASC_GDL_Politique-dannulation-programmes-virtuels_F.pdf\" target=\"_blank\" rel=\"noreferrer noopener\">Programmes virtuels<\/a><\/div>\n<\/div>\n\n\n\n<div style=\"height:21px\" aria-hidden=\"true\" class=\"wp-block-spacer\"><\/div>\n\n\n\n<p>______________________________________________________________________<\/p>\n\n\n\n<h5 class=\"wp-block-heading\"><strong>V\u00e9rifications d&rsquo;ant\u00e9c\u00e9dents judiciaires<\/strong><\/h5>\n\n\n\n<p>Tous les artistes MASC doivent se soumettre \u00e0 une v\u00e9rification d&rsquo;ant\u00e9c\u00e9dents judiciaires et signer une d\u00e9claration d&rsquo;infraction annuelle.<\/p>\n\n\n\n<p>Des changements ont \u00e9t\u00e9 effectu\u00e9es \u00e0 la l\u00e9gislation en novembre 2018 concernant les v\u00e9rification d&rsquo;ant\u00e9c\u00e9dents pour le secteur vuln\u00e9rable. Dor\u00e9navant, le Service de police d&rsquo;Ottawa exige que les artistes MASC r\u00e9sidants \u00e0 Ottawa obtiennent un niveau 2 &#8211; V\u00e9rification de casier judiciaire et des affaires juridiques. Le Service de police de Gatineau exige que les artistes MASC r\u00e9sidants \u00e0 Gatineau obtiennent une V\u00e9rification d&rsquo;ant\u00e9c\u00e9dents judiciaires.<\/p>\n\n\n\n<h5 class=\"wp-block-heading\"><strong>Transport<\/strong><\/h5>\n\n\n\n<p>Des frais de transport, aller-retour, sont factur\u00e9s aux \u00e9coles situ\u00e9es \u00e0 plus de 25 km du centre d&rsquo;Ottawa pour les programmes en pr\u00e9sentiel.&nbsp;<\/p>\n\n\n\n<p>Pour certains artistes, des co\u00fbts additionnels de transport sont exig\u00e9s; les d\u00e9tails sont indiqu\u00e9s sur la page de l&rsquo;artiste de notre site web.<\/p>\n\n\n\n<p>Dans le cas o\u00f9 une nuit\u00e9e serait n\u00e9cessaire, car le temps de d\u00e9placement exc\u00e8de trois heures, les frais de d\u00e9placement, de logement et de repas doivent \u00eatre pay\u00e9s par l&rsquo;\u00e9cole.<\/p>\n","protected":false},"excerpt":{"rendered":"<p>Nos valeurs Guide d&rsquo;appui et code de conduite Politiques d&rsquo;annulation Pour les programmes en pr\u00e9sentiel Pour les festivals Pour les programmes virtuels ______________________________________________________________________ V\u00e9rifications d&rsquo;ant\u00e9c\u00e9dents judiciaires Tous les artistes MASC doivent se soumettre \u00e0 une v\u00e9rification d&rsquo;ant\u00e9c\u00e9dents judiciaires et signer une d\u00e9claration d&rsquo;infraction annuelle. Des changements ont \u00e9t\u00e9 effectu\u00e9es \u00e0 la l\u00e9gislation en novembre 2018 [&hellip;]<\/p>\n","protected":false},"author":7,"featured_media":0,"parent":2384,"menu_order":42,"comment_status":"closed","ping_status":"closed","template":"","meta":{"_acf_changed":false,"footnotes":""},"acf":[],"_links":{"self":[{"href":"https:\/\/www.masconline.ca\/fr\/wp-json\/wp\/v2\/pages\/2390"}],"collection":[{"href":"https:\/\/www.masconline.ca\/fr\/wp-json\/wp\/v2\/pages"}],"about":[{"href":"https:\/\/www.masconline.ca\/fr\/wp-json\/wp\/v2\/types\/page"}],"author":[{"embeddable":true,"href":"https:\/\/www.masconline.ca\/fr\/wp-json\/wp\/v2\/users\/7"}],"replies":[{"embeddable":true,"href":"https:\/\/www.masconline.ca\/fr\/wp-json\/wp\/v2\/comments?post=2390"}],"version-history":[{"count":0,"href":"https:\/\/www.masconline.ca\/fr\/wp-json\/wp\/v2\/pages\/2390\/revisions"}],"up":[{"embeddable":true,"href":"https:\/\/www.masconline.ca\/fr\/wp-json\/wp\/v2\/pages\/2384"}],"wp:attachment":[{"href":"https:\/\/www.masconline.ca\/fr\/wp-json\/wp\/v2\/media?parent=2390"}],"curies":[{"name":"wp","href":"https:\/\/api.w.org\/{rel}","templated":true}]}}