{"id":2392,"date":"2021-09-29T15:48:10","date_gmt":"2021-09-29T15:48:10","guid":{"rendered":"https:\/\/www.masconline.ca\/resources\/subsidies\/"},"modified":"2024-12-06T12:08:25","modified_gmt":"2024-12-06T17:08:25","slug":"possibilites-de-financement","status":"publish","type":"page","link":"https:\/\/www.masconline.ca\/fr\/resources\/possibilites-de-financement\/","title":{"rendered":"Possibilit\u00e9s de financement"},"content":{"rendered":"\n<figure class=\"wp-block-image size-large\"><img loading=\"lazy\" decoding=\"async\" width=\"1024\" height=\"576\" src=\"https:\/\/www.masconline.ca\/wp-content\/uploads\/2024\/02\/MASC_Banner_Masabo-Leslie_OttawaTour_2024-05-1024x576.png\" alt=\"\" class=\"wp-image-10234\" srcset=\"https:\/\/www.masconline.ca\/wp-content\/uploads\/2024\/02\/MASC_Banner_Masabo-Leslie_OttawaTour_2024-05-1024x576.png 1024w, https:\/\/www.masconline.ca\/wp-content\/uploads\/2024\/02\/MASC_Banner_Masabo-Leslie_OttawaTour_2024-05-300x169.png 300w, https:\/\/www.masconline.ca\/wp-content\/uploads\/2024\/02\/MASC_Banner_Masabo-Leslie_OttawaTour_2024-05-768x432.png 768w, https:\/\/www.masconline.ca\/wp-content\/uploads\/2024\/02\/MASC_Banner_Masabo-Leslie_OttawaTour_2024-05-1536x864.png 1536w, https:\/\/www.masconline.ca\/wp-content\/uploads\/2024\/02\/MASC_Banner_Masabo-Leslie_OttawaTour_2024-05-2048x1152.png 2048w, https:\/\/www.masconline.ca\/wp-content\/uploads\/2024\/02\/MASC_Banner_Masabo-Leslie_OttawaTour_2024-05-200x112.png 200w\" sizes=\"(max-width: 1024px) 100vw, 1024px\" \/><\/figure>\n\n\n\n<p class=\"has-large-font-size\"><strong>pARTicipe!<\/strong><\/p>\n\n\n\n<p>Chez MASC, nous croyons que chaque \u00e9l\u00e8ve et membre de la communaut\u00e9 m\u00e9rite d&rsquo;avoir acc\u00e8s \u00e0 des exp\u00e9riences artistiques transformatrices et de haute qualit\u00e9. Gr\u00e2ce \u00e0 notre fonds de subvention pARTicipe !, nous apportons une aide financi\u00e8re aux \u00e9coles et aux lieux communautaires qui desservent des populations d\u00e9favoris\u00e9es, en les aidant \u00e0 donner vie \u00e0 d&rsquo;incroyables programmes dirig\u00e9s par des artistes professionnels.<\/p>\n\n\n\n<p>Si vous avez besoin d&rsquo;une aide financi\u00e8re et que votre \u00e9cole\/organisme correspond \u00e0 l&rsquo;une de nos sources de financement pARTicipe! et autres sources (voir ci-dessous), veuillez contacter reservations@masconline.ca. Bien que ces fonds subventionnent une partie du co\u00fbt, votre \u00e9cole\/organisme sera responsable du paiement du solde. Les fonds sont limit\u00e9s et la disponibilit\u00e9 des subventions d\u00e9pend des fonds restants.<\/p>\n\n\n\n<p>MASC est reconnaissant de travailler en partenariat avec de nombreux sponsors qui fournissent des fonds pour r\u00e9duire le co\u00fbt de la programmation pour des communaut\u00e9s sp\u00e9cifiques, y compris :<\/p>\n\n\n\n<p><strong>REGION:<\/strong> <strong>Ottawa<\/strong><\/p>\n\n\n\n<p>Foundation communautaires d&rsquo;Ottawa: programmation pour les communaut\u00e9s en qu\u00eate d&rsquo;\u00e9quit\u00e9 au service des enfants et des jeunes<\/p>\n\n\n\n<p>Fondation Crabtree: programmation pour les communaut\u00e9s en qu\u00eate d&rsquo;\u00e9quit\u00e9 au service des enfants et des jeunes<\/p>\n\n\n\n<p>Ville d&rsquo;Ottawa: programmation dans les communaut\u00e9s rurales de la ville d&rsquo;Ottawa<\/p>\n\n\n\n<p>Fond Cajole Inn \u2013 FCO: mat\u00e9riel d&rsquo;art visuel<\/p>\n\n\n\n<p>Harry P Ward: programmation pour les communaut\u00e9s en qu\u00eate d&rsquo;\u00e9quit\u00e9<\/p>\n\n\n\n<p><strong>REGION:<\/strong> l&rsquo;<strong>est de l&rsquo;Ontario et l&rsquo;ouest du Qu\u00e9bec<\/strong><\/p>\n\n\n\n<p>Fonds d&rsquo;h\u00e9ritage de la r\u00e9conciliation &#8211; FCO: programmation avec des artistes indig\u00e8nes dans les \u00e9coles et les communaut\u00e9s, programmation dans des lieux indig\u00e8nes et dans la nation h\u00f4te de Kitigan Zibi et Pikwakanagan.<\/p>\n\n\n\n<p>TELUS: programmation pour les communaut\u00e9s en qu\u00eate d&rsquo;\u00e9quit\u00e9.<\/p>\n\n\n\n<p><a href=\"https:\/\/immersart.ca\/en\/about\/\">immersART<\/a>: 1 500 $ par ann\u00e9e et par \u00e9cole d&rsquo;immersion fran\u00e7aise, de la 6e \u00e0 la 12e ann\u00e9e, administr\u00e9 par la F\u00e9d\u00e9ration culturelle canadienne-fran\u00e7aise (FCCF) et le minist\u00e8re du Patrimoine canadien.<\/p>\n\n\n\n<p><a href=\"https:\/\/monpassepart.ca\/\" data-type=\"link\" data-id=\"https:\/\/monpassepart.ca\/\">PassepART<\/a>: 1 500 $ par ann\u00e9e et par \u00e9cole francophone \u00e0 l&rsquo;ext\u00e9rieur du Qu\u00e9bec, administr\u00e9 par la F\u00e9d\u00e9ration culturelle canadienne-fran\u00e7aise (FCCF) et le minist\u00e8re du Patrimoine canadien.<\/p>\n\n\n\n<p><a href=\"https:\/\/vice-versa.ca\/\" data-type=\"link\" data-id=\"https:\/\/vice-versa.ca\/\">Vice-Versa<\/a>: 1 500 $ par ann\u00e9e et par \u00e9cole francophone \u00e0 l&rsquo;ext\u00e9rieur du Qu\u00e9bec. L&rsquo;objectif de ces fonds sont de contribuer \u00e0 la vitalit\u00e9 et \u00e0 l\u2019\u00e9panouissement des communaut\u00e9s francophones en situation minoritaire au pays ainsi qu\u2019\u00e0 la construction identitaire des \u00e9l\u00e8ves de la maternelle \u00e0 la 12<em>e<\/em> ann\u00e9e. Administr\u00e9 par la F\u00e9d\u00e9ration culturelle canadienne-fran\u00e7aise (FCCF) et le minist\u00e8re du Patrimoine canadien.<\/p>\n\n\n\n<h2 class=\"wp-block-heading has-text-align-center\">Lignes directrices<\/h2>\n\n\n\n<p class=\"has-medium-font-size\">MASC travaille en partenariat avec des bailleurs de fonds pour apporter une aide financi\u00e8re \u00e0 la programmation. Vous trouverez ci-dessous la liste de nos partenaire de cette saison.<\/p>\n\n\n\n<p>Bien que ces fonds subventionnent le co\u00fbt d&rsquo;un programme du MASC, votre salle sera responsable du paiement du solde. Veuillez lire attentivement les d\u00e9tails ci-dessous pour d\u00e9terminer votre \u00e9ligibilit\u00e9.<\/p>\n\n\n\n<h2 class=\"wp-block-heading has-medium-font-size\">Lignes directrices concernant l&rsquo;aide financi\u00e8re<\/h2>\n\n\n\n<ul>\n<li>L&rsquo;aide financi\u00e8re a des sp\u00e9cificit\u00e9s r\u00e9gionales.<\/li>\n\n\n\n<li>L&rsquo;aide financi\u00e8re est accord\u00e9e selon le principe du premier arriv\u00e9, premier servi.<\/li>\n\n\n\n<li>Les lieux sont limit\u00e9s \u00e0 une subvention par an, avec la possibilit\u00e9 d&rsquo;en obtenir d&rsquo;autres si le financement le permet et si le temps s&rsquo;est \u00e9coul\u00e9 pour permettre \u00e0 toutes les \u00e9coles et \u00e0 tous les lieux d&rsquo;acc\u00e9der au financement.<\/li>\n\n\n\n<li>Certains financements sont limit\u00e9s \u00e0 une discipline artistique, \u00e0 un groupe d&rsquo;\u00e2ge, etc. (voir d\u00e9tails ci-dessous)<\/li>\n\n\n\n<li>La demande de financement est faite au moment de la demande de r\u00e9servation. Aucune demande formelle n&rsquo;est requise.<\/li>\n<\/ul>\n\n\n\n<h2 class=\"wp-block-heading has-large-font-size\"><br>\u00c9coles<\/h2>\n\n\n\n<h2 class=\"wp-block-heading has-medium-font-size\">Demandes des \u00e9coles<\/h2>\n\n\n\n<p>En utilisant les sources https:\/\/www.neighbourhoodstudy.ca\/ et https:\/\/neighbourhoodequity.ca, le financement MASC est allou\u00e9 aux lieux qui sont situ\u00e9s dans et\/ou desservent des r\u00e9sidents qui r\u00e9sident dans les cat\u00e9gories 3 et 4 de l&rsquo;\u00e9chelle sociale :<\/p>\n\n\n\n<ul>\n<li>les cat\u00e9gories 3 et 4 de l&rsquo;indice socio-\u00e9conomique de Neighbourhoodstudy.ca et\/ou les cat\u00e9gories rouge et jaune de l&rsquo;indice de faible revenu de neighbourhoodequity.ca.<\/li>\n\n\n\n<li>MASC se r\u00e9serve le droit de subventionner toute \u00e9cole publique ne faisant pas partie de ces cat\u00e9gories si le bailleur de fonds le permet.<\/li>\n<\/ul>\n\n\n\n<h2 class=\"wp-block-heading has-medium-font-size\">Partenariats avec des programmes scolaires sp\u00e9cialis\u00e9s et des conseils scolaires<\/h2>\n\n\n\n<p>MASC s&rsquo;associe \u00e0 des conseils scolaires et \u00e0 des \u00e9coles individuelles dans le cadre de nombreux programmes sp\u00e9cialis\u00e9s subventionn\u00e9s.<\/p>\n\n\n\n<h2 class=\"wp-block-heading has-medium-font-size\">Partenariats avec d&rsquo;autres organisations artistiques dans les \u00e9coles<\/h2>\n\n\n\n<p>MASC s&rsquo;associe \u00e0 d&rsquo;autres organisations artistiques qui proposent des programmes d&rsquo;\u00e9ducation artistique dans les \u00e9coles.<\/p>\n\n\n\n<h2 class=\"wp-block-heading has-medium-font-size\">\u00c9coles rurales<br><\/h2>\n\n\n\n<p>Aide financi\u00e8re fournie en partenariat avec le programme Initiative rurale de la ville d&rsquo;Ottawa. Toutes les \u00e9coles situ\u00e9es dans les zones rurales de la ville et desservant ces zones ont acc\u00e8s \u00e0 ce financement.<\/p>\n\n\n\n<h2 class=\"wp-block-heading has-large-font-size\">Sites communautaires<\/h2>\n\n\n\n<p>Gr\u00e2ce aux subventions communautaires, MASC vise \u00e0 soutenir les communaut\u00e9s autochtones et les communaut\u00e9s en qu\u00eate d&rsquo;\u00e9quit\u00e9 qui ont toujours \u00e9t\u00e9 confront\u00e9es \u00e0 des obstacles en mati\u00e8re d&rsquo;acc\u00e8s \u00e0 l&rsquo;aide.&nbsp;<\/p>\n\n\n\n<p>Ces communaut\u00e9s sont:<\/p>\n\n\n\n<ul>\n<li>la Nation Anishinabe Algonquine<\/li>\n\n\n\n<li>les Premi\u00e8res nations<\/li>\n\n\n\n<li>les Inuits<\/li>\n\n\n\n<li>les M\u00e9tis<\/li>\n\n\n\n<li>IBPOC (Peuples autochtones, peuples noirs et peuples de couleur)<\/li>\n\n\n\n<li>Personnes ayant un handicap visible ou invisible<\/li>\n\n\n\n<li>Personnes non ambulatoires<\/li>\n\n\n\n<li>Personnes sourdes<\/li>\n\n\n\n<li>R\u00e9fugi\u00e9s\/immigrants\/nouveaux arrivants<\/li>\n\n\n\n<li>2SLGBTQIA<\/li>\n\n\n\n<li>Personnes vivant dans la pauvret\u00e9<\/li>\n\n\n\n<li>R\u00e9sidents ruraux<\/li>\n\n\n\n<li>Francophones<\/li>\n\n\n\n<li>A\u00een\u00e9s\/Adultes \u00e2g\u00e9s<\/li>\n\n\n\n<li>Femmes +<\/li>\n\n\n\n<li>Jeunes<\/li>\n<\/ul>\n\n\n\n<p><\/p>\n\n\n\n<h2 class=\"wp-block-heading has-large-font-size\"><\/h2>\n\n\n\n<p>Pour de plus amples informations, communiquez avec&nbsp;<a href=\"mailto:reservations@masconline.ca\" target=\"_blank\" rel=\"noreferrer noopener\">Amina Tour\u00e9<\/a>.<\/p>\n\n\n\n\n\n\n","protected":false},"excerpt":{"rendered":"<p>pARTicipe! Chez MASC, nous croyons que chaque \u00e9l\u00e8ve et membre de la communaut\u00e9 m\u00e9rite d&rsquo;avoir acc\u00e8s \u00e0 des exp\u00e9riences artistiques transformatrices et de haute qualit\u00e9. Gr\u00e2ce \u00e0 notre fonds de subvention pARTicipe !, nous apportons une aide financi\u00e8re aux \u00e9coles et aux lieux communautaires qui desservent des populations d\u00e9favoris\u00e9es, en les aidant \u00e0 donner vie [&hellip;]<\/p>\n","protected":false},"author":7,"featured_media":4810,"parent":2384,"menu_order":44,"comment_status":"closed","ping_status":"closed","template":"","meta":{"_acf_changed":false,"footnotes":""},"acf":[],"_links":{"self":[{"href":"https:\/\/www.masconline.ca\/fr\/wp-json\/wp\/v2\/pages\/2392"}],"collection":[{"href":"https:\/\/www.masconline.ca\/fr\/wp-json\/wp\/v2\/pages"}],"about":[{"href":"https:\/\/www.masconline.ca\/fr\/wp-json\/wp\/v2\/types\/page"}],"author":[{"embeddable":true,"href":"https:\/\/www.masconline.ca\/fr\/wp-json\/wp\/v2\/users\/7"}],"replies":[{"embeddable":true,"href":"https:\/\/www.masconline.ca\/fr\/wp-json\/wp\/v2\/comments?post=2392"}],"version-history":[{"count":0,"href":"https:\/\/www.masconline.ca\/fr\/wp-json\/wp\/v2\/pages\/2392\/revisions"}],"up":[{"embeddable":true,"href":"https:\/\/www.masconline.ca\/fr\/wp-json\/wp\/v2\/pages\/2384"}],"wp:featuredmedia":[{"embeddable":true,"href":"https:\/\/www.masconline.ca\/fr\/wp-json\/wp\/v2\/media\/4810"}],"wp:attachment":[{"href":"https:\/\/www.masconline.ca\/fr\/wp-json\/wp\/v2\/media?parent=2392"}],"curies":[{"name":"wp","href":"https:\/\/api.w.org\/{rel}","templated":true}]}}