{"id":8496,"date":"2022-11-09T11:19:31","date_gmt":"2022-11-09T16:19:31","guid":{"rendered":"https:\/\/www.masconline.ca\/land-acknowledgement-video\/"},"modified":"2025-06-30T13:32:58","modified_gmt":"2025-06-30T17:32:58","slug":"video-de-reconnaissance-territoire","status":"publish","type":"page","link":"https:\/\/www.masconline.ca\/fr\/video-de-reconnaissance-territoire\/","title":{"rendered":"Vid\u00e9o de reconnaissance territoire de MASC"},"content":{"rendered":"\n<p>MASC reconna\u00eet que nous sommes situ\u00e9s sur le territoire traditionnel non-c\u00e9d\u00e9 du peuple Algonquin Annishanaabe. <br><br>Nous sommes reconnaissants aux gardiens de ce territoire, qui sont l\u00e0 depuis des mill\u00e9naires. MASC s&rsquo;engage \u00e0 respecter les appels \u00e0 l&rsquo;action de la Commission de v\u00e9rit\u00e9 et r\u00e9conciliation dans la mesure o\u00f9 ils s&rsquo;appliquent \u00e0 notre travail. Nous nous engageons \u00e0 continuer \u00e0 travailler avec les a\u00een\u00e9s, les artistes et ambassadeurs culturels autochtones pour nous guider.<br><br>Nous sommes reconnaissants \u00e0 Fred McGregor, personne ressource Maamiiw ininii, Kitigan Zibi, pour son soutien et ses conseils dans la cr\u00e9ation de cette vid\u00e9o.<\/p>\n\n\n\n<figure class=\"wp-block-embed is-type-rich is-provider-embed-handler wp-block-embed-embed-handler wp-embed-aspect-16-9 wp-has-aspect-ratio\"><div class=\"wp-block-embed__wrapper\">\n<iframe loading=\"lazy\" title=\"Reconnaissance du territoire traditionnel non-c\u00e9d\u00e9 du peuple Algonquin Annishanaabe\" width=\"500\" height=\"281\" src=\"https:\/\/www.youtube.com\/embed\/t18NAfO0Khw?feature=oembed\" frameborder=\"0\" allow=\"accelerometer; autoplay; clipboard-write; encrypted-media; gyroscope; picture-in-picture; web-share\" referrerpolicy=\"strict-origin-when-cross-origin\" allowfullscreen><\/iframe>\n<\/div><\/figure>\n","protected":false},"excerpt":{"rendered":"<p>MASC reconna\u00eet que nous sommes situ\u00e9s sur le territoire traditionnel non-c\u00e9d\u00e9 du peuple Algonquin Annishanaabe. Nous sommes reconnaissants aux gardiens de ce territoire, qui sont l\u00e0 depuis des mill\u00e9naires. MASC s&rsquo;engage \u00e0 respecter les appels \u00e0 l&rsquo;action de la Commission de v\u00e9rit\u00e9 et r\u00e9conciliation dans la mesure o\u00f9 ils s&rsquo;appliquent \u00e0 notre travail. Nous nous [&hellip;]<\/p>\n","protected":false},"author":3,"featured_media":0,"parent":0,"menu_order":0,"comment_status":"closed","ping_status":"closed","template":"","meta":{"_acf_changed":false,"footnotes":""},"acf":[],"_links":{"self":[{"href":"https:\/\/www.masconline.ca\/fr\/wp-json\/wp\/v2\/pages\/8496"}],"collection":[{"href":"https:\/\/www.masconline.ca\/fr\/wp-json\/wp\/v2\/pages"}],"about":[{"href":"https:\/\/www.masconline.ca\/fr\/wp-json\/wp\/v2\/types\/page"}],"author":[{"embeddable":true,"href":"https:\/\/www.masconline.ca\/fr\/wp-json\/wp\/v2\/users\/3"}],"replies":[{"embeddable":true,"href":"https:\/\/www.masconline.ca\/fr\/wp-json\/wp\/v2\/comments?post=8496"}],"version-history":[{"count":0,"href":"https:\/\/www.masconline.ca\/fr\/wp-json\/wp\/v2\/pages\/8496\/revisions"}],"wp:attachment":[{"href":"https:\/\/www.masconline.ca\/fr\/wp-json\/wp\/v2\/media?parent=8496"}],"curies":[{"name":"wp","href":"https:\/\/api.w.org\/{rel}","templated":true}]}}